{"id":21057,"date":"2020-05-04T21:15:15","date_gmt":"2020-05-05T01:15:15","guid":{"rendered":"https:\/\/www.telaslycra.com\/US\/?post_type=product&#038;p=21057"},"modified":"2026-04-17T10:47:54","modified_gmt":"2026-04-17T14:47:54","slug":"color-solido-negro-nylon-lycra-tela-spandex-4-way-strech-by-yard","status":"publish","type":"product","link":"https:\/\/www.telaslycra.com\/US\/shop\/color-solido-negro-nylon-lycra-tela-spandex-4-way-strech-by-yard\/","title":{"rendered":"Premium Black Solid Color Nylon Lycra Spandex Fabric 4 Way Stretch By Yard (203-1)"},"content":{"rendered":"<button class=\"simplefavorite-button has-count\" data-postid=\"21057\" data-siteid=\"1\" data-groupid=\"1\" data-favoritecount=\"2\" style=\"\">Favorite <i class=\"sf-icon-star-empty\"><\/i><span class=\"simplefavorite-button-count\" style=\"\">2<\/span><\/button><div><span style=\"vertical-align: inherit;\"><span style=\"vertical-align: inherit;\">Bienvenido a TelasLycra.Com<\/span><\/span><\/div>\n<div>\n<p><span style=\"vertical-align: inherit;\"><span style=\"vertical-align: inherit;\">Somos una empresa textil con m\u00e1s de 20 a\u00f1os de experiencia. Ofrecemos telas de spandex de la mejor calidad y contamos con m\u00e1s de 3000 estampados, el\u00e1sticos de colores s\u00f3lidos para costura y otros accesorios para trajes de ba\u00f1o.<\/span><\/span><\/p>\n<p><span style=\"vertical-align: inherit;\"><span style=\"vertical-align: inherit;\">Trabajamos con un tipo de tejido especial y \u00fanico, con una composici\u00f3n de 80 % nailon y 20 % elastano. Con elasticidad en 4 direcciones, nuestros tejidos ofrecen la mejor calidad, suavidad, ligereza, resistencia y elasticidad, sin transparencias.<\/span><\/span><\/p>\n<p><span style=\"vertical-align: inherit;\"><span style=\"vertical-align: inherit;\">Entregamos r\u00e1pidamente la cantidad que compre sin cortes. Recibir\u00e1 la cantidad continua de tela spandex que decida comprar de 152 cm de ancho y tantas yardas de material como necesite.<\/span><\/span><\/p>\n<p><span style=\"vertical-align: inherit;\"><span style=\"vertical-align: inherit;\">Las cualidades especiales de nuestro tejido Spandex 4-Way: nuestro material suave, ligero y resistente no se transparenta al estirarse, lo que lo hace perfecto para ropa deportiva, como ropa de gimnasio, ropa de baile y trajes de ba\u00f1o. Obtendr\u00e1s resultados duraderos en cualquier proyecto o pieza que crees.<\/span><\/span><\/p>\n<p><span style=\"vertical-align: inherit;\"><span style=\"vertical-align: inherit;\">El m\u00e9todo de lavado recomendado para nuestra tela es lavar a mano con agua fr\u00eda, no usar lej\u00eda, no escurrir, planchar con agua fr\u00eda y secar a la sombra o al aire libre. Evitar el uso de calor y pegamento.<\/span><\/span><\/p>\n<p><span style=\"vertical-align: inherit;\"><span style=\"vertical-align: inherit;\">VENDIDO POR YARDA CONTINUA.<\/span><\/span><\/p>\n<\/div>\n<button class=\"simplefavorite-button has-count\" data-postid=\"21057\" data-siteid=\"1\" data-groupid=\"1\" data-favoritecount=\"2\" style=\"\">Favorite <i class=\"sf-icon-star-empty\"><\/i><span class=\"simplefavorite-button-count\" style=\"\">2<\/span><\/button>","protected":false},"excerpt":{"rendered":"<ul>\n<li><span style=\"vertical-align: inherit;\"><span style=\"vertical-align: inherit;\">80% nailon, 20% elastano<\/span><\/span><\/li>\n<li><span style=\"vertical-align: inherit;\"><span style=\"vertical-align: inherit;\">ancho 60 pulgadas<\/span><\/span><\/li>\n<li><span style=\"vertical-align: inherit;\"><span style=\"vertical-align: inherit;\">200 GSM<\/span><\/span><\/li>\n<li><span style=\"vertical-align: inherit;\"><span style=\"vertical-align: inherit;\">Estiramiento en 4 direcciones<\/span><\/span><\/li>\n<li><span style=\"vertical-align: inherit;\"><span style=\"vertical-align: inherit;\">Hecho en Francia<\/span><\/span><\/li>\n<li><span style=\"vertical-align: inherit;\"><span style=\"vertical-align: inherit;\">Realizamos env\u00edos desde Nueva York a trav\u00e9s de USPS Priority Mail <\/span><\/span><br \/>\n<span style=\"vertical-align: inherit;\"><span style=\"vertical-align: inherit;\"><div class=\"su-youtube su-u-responsive-media-yes\"><iframe loading=\"lazy\" width=\"600\" height=\"400\" src=\"https:\/\/www.youtube.com\/embed\/gBzUAy3QAmo?autohide=2&amp;autoplay=0&amp;mute=0&amp;controls=1&amp;fs=1&amp;loop=0&amp;modestbranding=0&amp;rel=1&amp;showinfo=1&amp;theme=dark&amp;wmode=&amp;playsinline=0\" frameborder=\"0\" allowfullscreen allow=\"autoplay; encrypted-media; picture-in-picture\" title=\"\"><\/iframe><\/div><\/span><\/span><\/li>\n<\/ul>\n","protected":false},"featured_media":23137,"comment_status":"closed","ping_status":"closed","template":"","meta":{"jetpack_publicize_message":"","jetpack_publicize_feature_enabled":true,"jetpack_social_post_already_shared":false,"jetpack_social_options":{"image_generator_settings":{"template":"highway","default_image_id":0,"font":"","enabled":false},"version":2}},"product_brand":[],"product_cat":[815,988],"product_tag":[924,1030,1028,1031,1012,882,1032,1033,827],"class_list":{"0":"post-21057","1":"product","2":"type-product","3":"status-publish","4":"has-post-thumbnail","6":"product_cat-solid-colors-spandex-fabrics","7":"product_cat-premium-solid-color","8":"product_tag-4-way-stretch","9":"product_tag-black-fabric","10":"product_tag-by-the-yard","11":"product_tag-dancewera-fabric","12":"product_tag-nylon-fabric","13":"product_tag-spandex-fabric","14":"product_tag-sportswear-fabric","15":"product_tag-swimsuit-fabric","16":"product_tag-swimwear-fabric","17":"product_shipping_class-telas","19":"first","20":"instock","21":"taxable","22":"shipping-taxable","23":"purchasable","24":"product-type-simple"},"yoast_head":"<!-- This site is optimized with the Yoast SEO plugin v27.3 - https:\/\/yoast.com\/product\/yoast-seo-wordpress\/ -->\n<title>Premium Black Solid Color Nylon Lycra Spandex Fabric 4 Way Stretch By Yard (203-1) Spandex Fabric<\/title>\n<meta name=\"description\" content=\"Premium Black Solid Color Nylon Lycra Spandex Fabric 4 Way Stretch By Yard (203-1) Online Fabric Store Based in New York 3-5 Day delivery to all USA including Hawaii and Puerto Rico. +20 years of experience in the textile industry we carry more than 2000 prints and solid colors spandex fabrics all in stock in our NYC Waterhouse. Fabric with 4-Way Stretch technology Our fabrics have the best quality, softness, lightness, resistance, and elasticity, and no transparency\" \/>\n<meta name=\"robots\" content=\"index, follow, max-snippet:-1, max-image-preview:large, max-video-preview:-1\" \/>\n<link rel=\"canonical\" href=\"https:\/\/www.telaslycra.com\/US\/shop\/color-solido-negro-nylon-lycra-tela-spandex-4-way-strech-by-yard\/\" \/>\n<meta property=\"og:locale\" content=\"en_US\" \/>\n<meta property=\"og:type\" content=\"article\" \/>\n<meta property=\"og:title\" content=\"Premium Black Solid Color Nylon Lycra Spandex Fabric 4 Way Stretch By Yard (203-1) Spandex Fabric\" \/>\n<meta property=\"og:description\" content=\"Premium Black Solid Color Nylon Lycra Spandex Fabric 4 Way Stretch By Yard (203-1) Online Fabric Store Based in New York 3-5 Day delivery to all USA including Hawaii and Puerto Rico. +20 years of experience in the textile industry we carry more than 2000 prints and solid colors spandex fabrics all in stock in our NYC Waterhouse. Fabric with 4-Way Stretch technology Our fabrics have the best quality, softness, lightness, resistance, and elasticity, and no transparency\" \/>\n<meta property=\"og:url\" content=\"https:\/\/www.telaslycra.com\/US\/shop\/color-solido-negro-nylon-lycra-tela-spandex-4-way-strech-by-yard\/\" \/>\n<meta property=\"og:site_name\" content=\"Spandex Fabric\" \/>\n<meta property=\"article:publisher\" content=\"https:\/\/www.facebook.com\/Telaslycra\/\" \/>\n<meta property=\"article:modified_time\" content=\"2026-04-17T14:47:54+00:00\" \/>\n<meta property=\"og:image\" content=\"https:\/\/www.telaslycra.com\/US\/wp-content\/uploads\/2020\/05\/WhatsApp-Image-2020-11-07-at-1.21.34-PM.jpeg\" \/>\n\t<meta property=\"og:image:width\" content=\"1024\" \/>\n\t<meta property=\"og:image:height\" content=\"1024\" \/>\n\t<meta property=\"og:image:type\" content=\"image\/jpeg\" \/>\n<meta name=\"twitter:card\" content=\"summary_large_image\" \/>\n<meta name=\"twitter:label1\" content=\"Est. reading time\" \/>\n\t<meta name=\"twitter:data1\" content=\"2 minutes\" \/>\n<script type=\"application\/ld+json\" class=\"yoast-schema-graph\">{\"@context\":\"https:\\\/\\\/schema.org\",\"@graph\":[{\"@type\":\"WebPage\",\"@id\":\"https:\\\/\\\/www.telaslycra.com\\\/US\\\/shop\\\/color-solido-negro-nylon-lycra-tela-spandex-4-way-strech-by-yard\\\/\",\"url\":\"https:\\\/\\\/www.telaslycra.com\\\/US\\\/shop\\\/color-solido-negro-nylon-lycra-tela-spandex-4-way-strech-by-yard\\\/\",\"name\":\"Premium Black Solid Color Nylon Lycra Spandex Fabric 4 Way Stretch By Yard (203-1) Spandex Fabric\",\"isPartOf\":{\"@id\":\"https:\\\/\\\/www.telaslycra.com\\\/US\\\/#website\"},\"primaryImageOfPage\":{\"@id\":\"https:\\\/\\\/www.telaslycra.com\\\/US\\\/shop\\\/color-solido-negro-nylon-lycra-tela-spandex-4-way-strech-by-yard\\\/#primaryimage\"},\"image\":{\"@id\":\"https:\\\/\\\/www.telaslycra.com\\\/US\\\/shop\\\/color-solido-negro-nylon-lycra-tela-spandex-4-way-strech-by-yard\\\/#primaryimage\"},\"thumbnailUrl\":\"https:\\\/\\\/www.telaslycra.com\\\/US\\\/wp-content\\\/uploads\\\/2020\\\/05\\\/WhatsApp-Image-2020-11-07-at-1.21.34-PM.jpeg\",\"datePublished\":\"2020-05-05T01:15:15+00:00\",\"dateModified\":\"2026-04-17T14:47:54+00:00\",\"description\":\"Premium Black Solid Color Nylon Lycra Spandex Fabric 4 Way Stretch By Yard (203-1) Online Fabric Store Based in New York 3-5 Day delivery to all USA including Hawaii and Puerto Rico. +20 years of experience in the textile industry we carry more than 2000 prints and solid colors spandex fabrics all in stock in our NYC Waterhouse. Fabric with 4-Way Stretch technology Our fabrics have the best quality, softness, lightness, resistance, and elasticity, and no transparency\",\"breadcrumb\":{\"@id\":\"https:\\\/\\\/www.telaslycra.com\\\/US\\\/shop\\\/color-solido-negro-nylon-lycra-tela-spandex-4-way-strech-by-yard\\\/#breadcrumb\"},\"inLanguage\":\"en\",\"potentialAction\":[{\"@type\":\"ReadAction\",\"target\":[\"https:\\\/\\\/www.telaslycra.com\\\/US\\\/shop\\\/color-solido-negro-nylon-lycra-tela-spandex-4-way-strech-by-yard\\\/\"]}]},{\"@type\":\"ImageObject\",\"inLanguage\":\"en\",\"@id\":\"https:\\\/\\\/www.telaslycra.com\\\/US\\\/shop\\\/color-solido-negro-nylon-lycra-tela-spandex-4-way-strech-by-yard\\\/#primaryimage\",\"url\":\"https:\\\/\\\/www.telaslycra.com\\\/US\\\/wp-content\\\/uploads\\\/2020\\\/05\\\/WhatsApp-Image-2020-11-07-at-1.21.34-PM.jpeg\",\"contentUrl\":\"https:\\\/\\\/www.telaslycra.com\\\/US\\\/wp-content\\\/uploads\\\/2020\\\/05\\\/WhatsApp-Image-2020-11-07-at-1.21.34-PM.jpeg\",\"width\":1024,\"height\":1024},{\"@type\":\"BreadcrumbList\",\"@id\":\"https:\\\/\\\/www.telaslycra.com\\\/US\\\/shop\\\/color-solido-negro-nylon-lycra-tela-spandex-4-way-strech-by-yard\\\/#breadcrumb\",\"itemListElement\":[{\"@type\":\"ListItem\",\"position\":1,\"name\":\"Portada\",\"item\":\"https:\\\/\\\/www.telaslycra.com\\\/US\\\/\"},{\"@type\":\"ListItem\",\"position\":2,\"name\":\"Shop\",\"item\":\"https:\\\/\\\/www.telaslycra.com\\\/US\\\/shop\\\/\"},{\"@type\":\"ListItem\",\"position\":3,\"name\":\"Premium Black Solid Color Nylon Lycra Spandex Fabric 4 Way Stretch By Yard (203-1)\"}]},{\"@type\":\"WebSite\",\"@id\":\"https:\\\/\\\/www.telaslycra.com\\\/US\\\/#website\",\"url\":\"https:\\\/\\\/www.telaslycra.com\\\/US\\\/\",\"name\":\"Spandex Fabric\",\"description\":\"Spandex Fabric\",\"potentialAction\":[{\"@type\":\"SearchAction\",\"target\":{\"@type\":\"EntryPoint\",\"urlTemplate\":\"https:\\\/\\\/www.telaslycra.com\\\/US\\\/?s={search_term_string}\"},\"query-input\":{\"@type\":\"PropertyValueSpecification\",\"valueRequired\":true,\"valueName\":\"search_term_string\"}}],\"inLanguage\":\"en\"}]}<\/script>\n<!-- \/ Yoast SEO plugin. -->","yoast_head_json":{"title":"Premium Black Solid Color Nylon Lycra Spandex Fabric 4 Way Stretch By Yard (203-1) Spandex Fabric","description":"Premium Black Solid Color Nylon Lycra Spandex Fabric 4 Way Stretch By Yard (203-1) Online Fabric Store Based in New York 3-5 Day delivery to all USA including Hawaii and Puerto Rico. +20 years of experience in the textile industry we carry more than 2000 prints and solid colors spandex fabrics all in stock in our NYC Waterhouse. Fabric with 4-Way Stretch technology Our fabrics have the best quality, softness, lightness, resistance, and elasticity, and no transparency","robots":{"index":"index","follow":"follow","max-snippet":"max-snippet:-1","max-image-preview":"max-image-preview:large","max-video-preview":"max-video-preview:-1"},"canonical":"https:\/\/www.telaslycra.com\/US\/shop\/color-solido-negro-nylon-lycra-tela-spandex-4-way-strech-by-yard\/","og_locale":"en_US","og_type":"article","og_title":"Premium Black Solid Color Nylon Lycra Spandex Fabric 4 Way Stretch By Yard (203-1) Spandex Fabric","og_description":"Premium Black Solid Color Nylon Lycra Spandex Fabric 4 Way Stretch By Yard (203-1) Online Fabric Store Based in New York 3-5 Day delivery to all USA including Hawaii and Puerto Rico. +20 years of experience in the textile industry we carry more than 2000 prints and solid colors spandex fabrics all in stock in our NYC Waterhouse. Fabric with 4-Way Stretch technology Our fabrics have the best quality, softness, lightness, resistance, and elasticity, and no transparency","og_url":"https:\/\/www.telaslycra.com\/US\/shop\/color-solido-negro-nylon-lycra-tela-spandex-4-way-strech-by-yard\/","og_site_name":"Spandex Fabric","article_publisher":"https:\/\/www.facebook.com\/Telaslycra\/","article_modified_time":"2026-04-17T14:47:54+00:00","og_image":[{"width":1024,"height":1024,"url":"https:\/\/www.telaslycra.com\/US\/wp-content\/uploads\/2020\/05\/WhatsApp-Image-2020-11-07-at-1.21.34-PM.jpeg","type":"image\/jpeg"}],"twitter_card":"summary_large_image","twitter_misc":{"Est. reading time":"2 minutes"},"schema":{"@context":"https:\/\/schema.org","@graph":[{"@type":"WebPage","@id":"https:\/\/www.telaslycra.com\/US\/shop\/color-solido-negro-nylon-lycra-tela-spandex-4-way-strech-by-yard\/","url":"https:\/\/www.telaslycra.com\/US\/shop\/color-solido-negro-nylon-lycra-tela-spandex-4-way-strech-by-yard\/","name":"Premium Black Solid Color Nylon Lycra Spandex Fabric 4 Way Stretch By Yard (203-1) Spandex Fabric","isPartOf":{"@id":"https:\/\/www.telaslycra.com\/US\/#website"},"primaryImageOfPage":{"@id":"https:\/\/www.telaslycra.com\/US\/shop\/color-solido-negro-nylon-lycra-tela-spandex-4-way-strech-by-yard\/#primaryimage"},"image":{"@id":"https:\/\/www.telaslycra.com\/US\/shop\/color-solido-negro-nylon-lycra-tela-spandex-4-way-strech-by-yard\/#primaryimage"},"thumbnailUrl":"https:\/\/www.telaslycra.com\/US\/wp-content\/uploads\/2020\/05\/WhatsApp-Image-2020-11-07-at-1.21.34-PM.jpeg","datePublished":"2020-05-05T01:15:15+00:00","dateModified":"2026-04-17T14:47:54+00:00","description":"Premium Black Solid Color Nylon Lycra Spandex Fabric 4 Way Stretch By Yard (203-1) Online Fabric Store Based in New York 3-5 Day delivery to all USA including Hawaii and Puerto Rico. +20 years of experience in the textile industry we carry more than 2000 prints and solid colors spandex fabrics all in stock in our NYC Waterhouse. Fabric with 4-Way Stretch technology Our fabrics have the best quality, softness, lightness, resistance, and elasticity, and no transparency","breadcrumb":{"@id":"https:\/\/www.telaslycra.com\/US\/shop\/color-solido-negro-nylon-lycra-tela-spandex-4-way-strech-by-yard\/#breadcrumb"},"inLanguage":"en","potentialAction":[{"@type":"ReadAction","target":["https:\/\/www.telaslycra.com\/US\/shop\/color-solido-negro-nylon-lycra-tela-spandex-4-way-strech-by-yard\/"]}]},{"@type":"ImageObject","inLanguage":"en","@id":"https:\/\/www.telaslycra.com\/US\/shop\/color-solido-negro-nylon-lycra-tela-spandex-4-way-strech-by-yard\/#primaryimage","url":"https:\/\/www.telaslycra.com\/US\/wp-content\/uploads\/2020\/05\/WhatsApp-Image-2020-11-07-at-1.21.34-PM.jpeg","contentUrl":"https:\/\/www.telaslycra.com\/US\/wp-content\/uploads\/2020\/05\/WhatsApp-Image-2020-11-07-at-1.21.34-PM.jpeg","width":1024,"height":1024},{"@type":"BreadcrumbList","@id":"https:\/\/www.telaslycra.com\/US\/shop\/color-solido-negro-nylon-lycra-tela-spandex-4-way-strech-by-yard\/#breadcrumb","itemListElement":[{"@type":"ListItem","position":1,"name":"Portada","item":"https:\/\/www.telaslycra.com\/US\/"},{"@type":"ListItem","position":2,"name":"Shop","item":"https:\/\/www.telaslycra.com\/US\/shop\/"},{"@type":"ListItem","position":3,"name":"Premium Black Solid Color Nylon Lycra Spandex Fabric 4 Way Stretch By Yard (203-1)"}]},{"@type":"WebSite","@id":"https:\/\/www.telaslycra.com\/US\/#website","url":"https:\/\/www.telaslycra.com\/US\/","name":"Spandex Fabric","description":"Spandex Fabric","potentialAction":[{"@type":"SearchAction","target":{"@type":"EntryPoint","urlTemplate":"https:\/\/www.telaslycra.com\/US\/?s={search_term_string}"},"query-input":{"@type":"PropertyValueSpecification","valueRequired":true,"valueName":"search_term_string"}}],"inLanguage":"en"}]}},"jetpack_publicize_connections":[],"jetpack_sharing_enabled":true,"_links":{"self":[{"href":"https:\/\/www.telaslycra.com\/US\/wp-json\/wp\/v2\/product\/21057","targetHints":{"allow":["GET"]}}],"collection":[{"href":"https:\/\/www.telaslycra.com\/US\/wp-json\/wp\/v2\/product"}],"about":[{"href":"https:\/\/www.telaslycra.com\/US\/wp-json\/wp\/v2\/types\/product"}],"replies":[{"embeddable":true,"href":"https:\/\/www.telaslycra.com\/US\/wp-json\/wp\/v2\/comments?post=21057"}],"wp:featuredmedia":[{"embeddable":true,"href":"https:\/\/www.telaslycra.com\/US\/wp-json\/wp\/v2\/media\/23137"}],"wp:attachment":[{"href":"https:\/\/www.telaslycra.com\/US\/wp-json\/wp\/v2\/media?parent=21057"}],"wp:term":[{"taxonomy":"product_brand","embeddable":true,"href":"https:\/\/www.telaslycra.com\/US\/wp-json\/wp\/v2\/product_brand?post=21057"},{"taxonomy":"product_cat","embeddable":true,"href":"https:\/\/www.telaslycra.com\/US\/wp-json\/wp\/v2\/product_cat?post=21057"},{"taxonomy":"product_tag","embeddable":true,"href":"https:\/\/www.telaslycra.com\/US\/wp-json\/wp\/v2\/product_tag?post=21057"}],"curies":[{"name":"wp","href":"https:\/\/api.w.org\/{rel}","templated":true}]}}