{"id":37197,"date":"2023-12-20T07:51:52","date_gmt":"2023-12-20T12:51:52","guid":{"rendered":"https:\/\/www.telaslycra.com\/US\/?post_type=product&#038;p=37197"},"modified":"2025-06-18T09:14:04","modified_gmt":"2025-06-18T13:14:04","slug":"green-and-blue-marble-print-nylon-spandex-fabric-4-way-stretch-by-yard-for-swimwear-dancewear-gymwear-sportwear-243-7","status":"publish","type":"product","link":"https:\/\/www.telaslycra.com\/US\/shop\/green-and-blue-marble-print-nylon-spandex-fabric-4-way-stretch-by-yard-for-swimwear-dancewear-gymwear-sportwear-243-7\/","title":{"rendered":"Green and Blue Marble Print Nylon Spandex Fabric 4 Way Stretch By Yard for swimwear dancewear gymwear sportwear (203-6)"},"content":{"rendered":"<button class=\"simplefavorite-button has-count\" data-postid=\"37197\" data-siteid=\"1\" data-groupid=\"1\" data-favoritecount=\"0\" style=\"\">Favorite <i class=\"sf-icon-star-empty\"><\/i><span class=\"simplefavorite-button-count\" style=\"\">0<\/span><\/button><p><span style=\"vertical-align: inherit;\"><span style=\"vertical-align: inherit;\">Bienvenido a TelasLycra.Com<\/span><\/span><\/p>\n<p><span style=\"vertical-align: inherit;\"><span style=\"vertical-align: inherit;\">Est\u00e1s viendo Green and Blue Marble Print Nylon Spandex Fabric 4 Way Stretch By Yard for swimwear dancewear gymwear sportwear<\/span><\/span><\/p>\n<p><span style=\"vertical-align: inherit;\"><span style=\"vertical-align: inherit;\">Somos una empresa textil con m\u00e1s de 20 a\u00f1os de experiencia en la Industria textil. Ofrecemos telas spandex de la mejor calidad y tenemos m\u00e1s de 3000 estampados, el\u00e1sticos de colores s\u00f3lidos para coser y otros accesorios para confeccionar trajes de ba\u00f1o.<\/span><\/span><\/p>\n<p><span style=\"vertical-align: inherit;\"><span style=\"vertical-align: inherit;\">Trabajamos con un tipo de tejido especial y \u00fanico, con una composici\u00f3n de 80% Nylon 20% Spandex. Con 4-Way Stretch, nuestros tejidos tienen la mejor calidad, suavidad, ligereza, resistencia y elasticidad y sin transparencias.<\/span><\/span><\/p>\n<p><span style=\"vertical-align: inherit;\"><span style=\"vertical-align: inherit;\">Le entregar\u00e1 r\u00e1pidamente la cantidad que compre SIN CORTES. Obtienes la cantidad continua de tela spandex que decidas comprar a 60quot; de ancho y tantos metros de material como necesites<\/span><\/span><\/p>\n<p><span style=\"vertical-align: inherit;\"><span style=\"vertical-align: inherit;\">Las cualidades especiales de nuestro tejido 4-Way Spandex, nuestro material suave, ligero y resistente, no se trasluce cuando se estira, lo que lo hace perfecto para ropa deportiva, como ropa de gimnasia, ropa de baile y trajes de ba\u00f1o. Obtendr\u00e1s resultados duraderos para cualquier proyecto o pieza que realices<\/span><\/span><\/p>\n<p><span style=\"vertical-align: inherit;\"><span style=\"vertical-align: inherit;\">El m\u00e9todo de lavado recomendado para nuestro tejido es lavar a mano con agua fr\u00eda, no usar lej\u00eda, no escurrir, planchar en fr\u00edo y secar a la sombra o por goteo. Evite calentar y pegar.<\/span><\/span><\/p>\n<p><span style=\"vertical-align: inherit;\"><span style=\"vertical-align: inherit;\">VENDIDO POR PATIO CONTINUO.<\/span><\/span><\/p>\n<button class=\"simplefavorite-button has-count\" data-postid=\"37197\" data-siteid=\"1\" data-groupid=\"1\" data-favoritecount=\"0\" style=\"\">Favorite <i class=\"sf-icon-star-empty\"><\/i><span class=\"simplefavorite-button-count\" style=\"\">0<\/span><\/button>","protected":false},"excerpt":{"rendered":"<ul>\n<li><span style=\"font-size: 14.4px;\"><span style=\"vertical-align: inherit;\"><span style=\"vertical-align: inherit;\">80% nailon 20% elastano<\/span><\/span><\/span><\/li>\n<li><span style=\"vertical-align: inherit;\"><span style=\"vertical-align: inherit;\">ancho 60 pulgadas<\/span><\/span><\/li>\n<li><span style=\"vertical-align: inherit;\"><span style=\"vertical-align: inherit;\">200 220 G\/M<\/span><\/span><\/li>\n<li><span style=\"vertical-align: inherit;\"><span style=\"vertical-align: inherit;\">Estiramiento en 4 direcciones<\/span><\/span><\/li>\n<li><span style=\"vertical-align: inherit;\"><span style=\"vertical-align: inherit;\">Hecho en Francia<\/span><\/span><\/li>\n<li><span style=\"vertical-align: inherit;\"><span style=\"vertical-align: inherit;\">Enviamos desde Nueva York a trav\u00e9s del correo prioritario de USPS<\/span><\/span><\/li>\n<\/ul>\n<div class=\"su-youtube su-u-responsive-media-yes\"><iframe loading=\"lazy\" width=\"600\" height=\"400\" src=\"https:\/\/www.youtube.com\/embed\/X79IcR-f1b8?autohide=2&amp;autoplay=0&amp;mute=0&amp;controls=1&amp;fs=1&amp;loop=0&amp;modestbranding=0&amp;rel=1&amp;showinfo=1&amp;theme=dark&amp;wmode=&amp;playsinline=0\" frameborder=\"0\" allowfullscreen allow=\"autoplay; encrypted-media; picture-in-picture\" title=\"\"><\/iframe><\/div>\n","protected":false},"featured_media":37203,"comment_status":"open","ping_status":"closed","template":"","meta":{"jetpack_publicize_message":"","jetpack_publicize_feature_enabled":true,"jetpack_social_post_already_shared":true,"jetpack_social_options":{"image_generator_settings":{"template":"highway","default_image_id":0,"font":"","enabled":false},"version":2}},"product_brand":[],"product_cat":[342,170],"product_tag":[1044,830,1057,1058,508,1049,890,833,470,905,472],"class_list":{"0":"post-37197","1":"product","2":"type-product","3":"status-publish","4":"has-post-thumbnail","6":"product_cat-abstract-prints","7":"product_cat-print-spandex-fabrics","8":"product_tag-by-yard","9":"product_tag-dancewear","10":"product_tag-girls-swimwear","11":"product_tag-marmol","12":"product_tag-nylon","13":"product_tag-pastel","14":"product_tag-print","15":"product_tag-printed-spandex","16":"product_tag-spandex","17":"product_tag-sportwear","18":"product_tag-swimwear","19":"product_shipping_class-telas","21":"first","22":"outofstock","23":"taxable","24":"shipping-taxable","25":"purchasable","26":"product-type-simple"},"yoast_head":"<!-- This site is optimized with the Yoast SEO plugin v27.3 - https:\/\/yoast.com\/product\/yoast-seo-wordpress\/ -->\n<title>Green and Blue Marble Print Nylon Spandex Fabric 4 Way Stretch By Yard for swimwear dancewear gymwear sportwear (203-6) Spandex Fabric<\/title>\n<meta name=\"description\" content=\"We are a fabric company with more than 20 years of experience in the textile Industry. We provide the best quality spandex fabrics and carry more than 3000 prints, solid colors elastic for sewing and others accessories to make swimwear\" \/>\n<meta name=\"robots\" content=\"index, follow, max-snippet:-1, max-image-preview:large, max-video-preview:-1\" \/>\n<link rel=\"canonical\" href=\"https:\/\/www.telaslycra.com\/US\/shop\/green-and-blue-marble-print-nylon-spandex-fabric-4-way-stretch-by-yard-for-swimwear-dancewear-gymwear-sportwear-243-7\/\" \/>\n<meta property=\"og:locale\" content=\"en_US\" \/>\n<meta property=\"og:type\" content=\"article\" \/>\n<meta property=\"og:title\" content=\"Magenta Tie Dye Print Nylon Spandex Fabric 4 Way Stretch By Yard for swimwear dancewear gymwear sportwear\" \/>\n<meta property=\"og:description\" content=\"You are viewing Magenta Tie Dye Print Nylon Spandex Fabric 4 Way Stretch By Yard for swimwear dancewear gymwear sportwear. Extremely beautiful print\u00a0 weight 200 to 220 GSM\u00a0 80% Nylon 20% Spandex.\" \/>\n<meta property=\"og:url\" content=\"https:\/\/www.telaslycra.com\/US\/shop\/green-and-blue-marble-print-nylon-spandex-fabric-4-way-stretch-by-yard-for-swimwear-dancewear-gymwear-sportwear-243-7\/\" \/>\n<meta property=\"og:site_name\" content=\"Spandex Fabric\" \/>\n<meta property=\"article:publisher\" content=\"https:\/\/www.facebook.com\/Telaslycra\/\" \/>\n<meta property=\"article:modified_time\" content=\"2025-06-18T13:14:04+00:00\" \/>\n<meta property=\"og:image\" content=\"https:\/\/www.telaslycra.com\/US\/wp-content\/uploads\/2022\/06\/WhatsApp-Image-2022-06-27-at-10.53.29-AM.jpeg\" \/>\n\t<meta property=\"og:image:width\" content=\"2048\" \/>\n\t<meta property=\"og:image:height\" content=\"2048\" \/>\n\t<meta property=\"og:image:type\" content=\"image\/jpeg\" \/>\n<meta name=\"twitter:card\" content=\"summary_large_image\" \/>\n<meta name=\"twitter:label1\" content=\"Est. reading time\" \/>\n\t<meta name=\"twitter:data1\" content=\"2 minutes\" \/>\n<script type=\"application\/ld+json\" class=\"yoast-schema-graph\">{\"@context\":\"https:\\\/\\\/schema.org\",\"@graph\":[{\"@type\":\"WebPage\",\"@id\":\"https:\\\/\\\/www.telaslycra.com\\\/US\\\/shop\\\/green-and-blue-marble-print-nylon-spandex-fabric-4-way-stretch-by-yard-for-swimwear-dancewear-gymwear-sportwear-243-7\\\/\",\"url\":\"https:\\\/\\\/www.telaslycra.com\\\/US\\\/shop\\\/green-and-blue-marble-print-nylon-spandex-fabric-4-way-stretch-by-yard-for-swimwear-dancewear-gymwear-sportwear-243-7\\\/\",\"name\":\"Green and Blue Marble Print Nylon Spandex Fabric 4 Way Stretch By Yard for swimwear dancewear gymwear sportwear (203-6) Spandex Fabric\",\"isPartOf\":{\"@id\":\"https:\\\/\\\/www.telaslycra.com\\\/US\\\/#website\"},\"primaryImageOfPage\":{\"@id\":\"https:\\\/\\\/www.telaslycra.com\\\/US\\\/shop\\\/green-and-blue-marble-print-nylon-spandex-fabric-4-way-stretch-by-yard-for-swimwear-dancewear-gymwear-sportwear-243-7\\\/#primaryimage\"},\"image\":{\"@id\":\"https:\\\/\\\/www.telaslycra.com\\\/US\\\/shop\\\/green-and-blue-marble-print-nylon-spandex-fabric-4-way-stretch-by-yard-for-swimwear-dancewear-gymwear-sportwear-243-7\\\/#primaryimage\"},\"thumbnailUrl\":\"https:\\\/\\\/www.telaslycra.com\\\/US\\\/wp-content\\\/uploads\\\/2023\\\/12\\\/WhatsApp-Image-2023-12-19-at-5.25.02-PM-1-jpeg.webp\",\"datePublished\":\"2023-12-20T12:51:52+00:00\",\"dateModified\":\"2025-06-18T13:14:04+00:00\",\"description\":\"We are a fabric company with more than 20 years of experience in the textile Industry. We provide the best quality spandex fabrics and carry more than 3000 prints, solid colors elastic for sewing and others accessories to make swimwear\",\"breadcrumb\":{\"@id\":\"https:\\\/\\\/www.telaslycra.com\\\/US\\\/shop\\\/green-and-blue-marble-print-nylon-spandex-fabric-4-way-stretch-by-yard-for-swimwear-dancewear-gymwear-sportwear-243-7\\\/#breadcrumb\"},\"inLanguage\":\"en\",\"potentialAction\":[{\"@type\":\"ReadAction\",\"target\":[\"https:\\\/\\\/www.telaslycra.com\\\/US\\\/shop\\\/green-and-blue-marble-print-nylon-spandex-fabric-4-way-stretch-by-yard-for-swimwear-dancewear-gymwear-sportwear-243-7\\\/\"]}]},{\"@type\":\"ImageObject\",\"inLanguage\":\"en\",\"@id\":\"https:\\\/\\\/www.telaslycra.com\\\/US\\\/shop\\\/green-and-blue-marble-print-nylon-spandex-fabric-4-way-stretch-by-yard-for-swimwear-dancewear-gymwear-sportwear-243-7\\\/#primaryimage\",\"url\":\"https:\\\/\\\/www.telaslycra.com\\\/US\\\/wp-content\\\/uploads\\\/2023\\\/12\\\/WhatsApp-Image-2023-12-19-at-5.25.02-PM-1-jpeg.webp\",\"contentUrl\":\"https:\\\/\\\/www.telaslycra.com\\\/US\\\/wp-content\\\/uploads\\\/2023\\\/12\\\/WhatsApp-Image-2023-12-19-at-5.25.02-PM-1-jpeg.webp\",\"width\":1280,\"height\":1280},{\"@type\":\"BreadcrumbList\",\"@id\":\"https:\\\/\\\/www.telaslycra.com\\\/US\\\/shop\\\/green-and-blue-marble-print-nylon-spandex-fabric-4-way-stretch-by-yard-for-swimwear-dancewear-gymwear-sportwear-243-7\\\/#breadcrumb\",\"itemListElement\":[{\"@type\":\"ListItem\",\"position\":1,\"name\":\"Portada\",\"item\":\"https:\\\/\\\/www.telaslycra.com\\\/US\\\/\"},{\"@type\":\"ListItem\",\"position\":2,\"name\":\"Shop\",\"item\":\"https:\\\/\\\/www.telaslycra.com\\\/US\\\/shop\\\/\"},{\"@type\":\"ListItem\",\"position\":3,\"name\":\"Green and Blue Marble Print Nylon Spandex Fabric 4 Way Stretch By Yard for swimwear dancewear gymwear sportwear (203-6)\"}]},{\"@type\":\"WebSite\",\"@id\":\"https:\\\/\\\/www.telaslycra.com\\\/US\\\/#website\",\"url\":\"https:\\\/\\\/www.telaslycra.com\\\/US\\\/\",\"name\":\"Spandex Fabric\",\"description\":\"Spandex Fabric\",\"potentialAction\":[{\"@type\":\"SearchAction\",\"target\":{\"@type\":\"EntryPoint\",\"urlTemplate\":\"https:\\\/\\\/www.telaslycra.com\\\/US\\\/?s={search_term_string}\"},\"query-input\":{\"@type\":\"PropertyValueSpecification\",\"valueRequired\":true,\"valueName\":\"search_term_string\"}}],\"inLanguage\":\"en\"}]}<\/script>\n<!-- \/ Yoast SEO plugin. -->","yoast_head_json":{"title":"Green and Blue Marble Print Nylon Spandex Fabric 4 Way Stretch By Yard for swimwear dancewear gymwear sportwear (203-6) Spandex Fabric","description":"We are a fabric company with more than 20 years of experience in the textile Industry. We provide the best quality spandex fabrics and carry more than 3000 prints, solid colors elastic for sewing and others accessories to make swimwear","robots":{"index":"index","follow":"follow","max-snippet":"max-snippet:-1","max-image-preview":"max-image-preview:large","max-video-preview":"max-video-preview:-1"},"canonical":"https:\/\/www.telaslycra.com\/US\/shop\/green-and-blue-marble-print-nylon-spandex-fabric-4-way-stretch-by-yard-for-swimwear-dancewear-gymwear-sportwear-243-7\/","og_locale":"en_US","og_type":"article","og_title":"Magenta Tie Dye Print Nylon Spandex Fabric 4 Way Stretch By Yard for swimwear dancewear gymwear sportwear","og_description":"You are viewing Magenta Tie Dye Print Nylon Spandex Fabric 4 Way Stretch By Yard for swimwear dancewear gymwear sportwear. Extremely beautiful print\u00a0 weight 200 to 220 GSM\u00a0 80% Nylon 20% Spandex.","og_url":"https:\/\/www.telaslycra.com\/US\/shop\/green-and-blue-marble-print-nylon-spandex-fabric-4-way-stretch-by-yard-for-swimwear-dancewear-gymwear-sportwear-243-7\/","og_site_name":"Spandex Fabric","article_publisher":"https:\/\/www.facebook.com\/Telaslycra\/","article_modified_time":"2025-06-18T13:14:04+00:00","og_image":[{"width":2048,"height":2048,"url":"https:\/\/www.telaslycra.com\/US\/wp-content\/uploads\/2022\/06\/WhatsApp-Image-2022-06-27-at-10.53.29-AM.jpeg","type":"image\/jpeg"}],"twitter_card":"summary_large_image","twitter_misc":{"Est. reading time":"2 minutes"},"schema":{"@context":"https:\/\/schema.org","@graph":[{"@type":"WebPage","@id":"https:\/\/www.telaslycra.com\/US\/shop\/green-and-blue-marble-print-nylon-spandex-fabric-4-way-stretch-by-yard-for-swimwear-dancewear-gymwear-sportwear-243-7\/","url":"https:\/\/www.telaslycra.com\/US\/shop\/green-and-blue-marble-print-nylon-spandex-fabric-4-way-stretch-by-yard-for-swimwear-dancewear-gymwear-sportwear-243-7\/","name":"Green and Blue Marble Print Nylon Spandex Fabric 4 Way Stretch By Yard for swimwear dancewear gymwear sportwear (203-6) Spandex Fabric","isPartOf":{"@id":"https:\/\/www.telaslycra.com\/US\/#website"},"primaryImageOfPage":{"@id":"https:\/\/www.telaslycra.com\/US\/shop\/green-and-blue-marble-print-nylon-spandex-fabric-4-way-stretch-by-yard-for-swimwear-dancewear-gymwear-sportwear-243-7\/#primaryimage"},"image":{"@id":"https:\/\/www.telaslycra.com\/US\/shop\/green-and-blue-marble-print-nylon-spandex-fabric-4-way-stretch-by-yard-for-swimwear-dancewear-gymwear-sportwear-243-7\/#primaryimage"},"thumbnailUrl":"https:\/\/www.telaslycra.com\/US\/wp-content\/uploads\/2023\/12\/WhatsApp-Image-2023-12-19-at-5.25.02-PM-1-jpeg.webp","datePublished":"2023-12-20T12:51:52+00:00","dateModified":"2025-06-18T13:14:04+00:00","description":"We are a fabric company with more than 20 years of experience in the textile Industry. We provide the best quality spandex fabrics and carry more than 3000 prints, solid colors elastic for sewing and others accessories to make swimwear","breadcrumb":{"@id":"https:\/\/www.telaslycra.com\/US\/shop\/green-and-blue-marble-print-nylon-spandex-fabric-4-way-stretch-by-yard-for-swimwear-dancewear-gymwear-sportwear-243-7\/#breadcrumb"},"inLanguage":"en","potentialAction":[{"@type":"ReadAction","target":["https:\/\/www.telaslycra.com\/US\/shop\/green-and-blue-marble-print-nylon-spandex-fabric-4-way-stretch-by-yard-for-swimwear-dancewear-gymwear-sportwear-243-7\/"]}]},{"@type":"ImageObject","inLanguage":"en","@id":"https:\/\/www.telaslycra.com\/US\/shop\/green-and-blue-marble-print-nylon-spandex-fabric-4-way-stretch-by-yard-for-swimwear-dancewear-gymwear-sportwear-243-7\/#primaryimage","url":"https:\/\/www.telaslycra.com\/US\/wp-content\/uploads\/2023\/12\/WhatsApp-Image-2023-12-19-at-5.25.02-PM-1-jpeg.webp","contentUrl":"https:\/\/www.telaslycra.com\/US\/wp-content\/uploads\/2023\/12\/WhatsApp-Image-2023-12-19-at-5.25.02-PM-1-jpeg.webp","width":1280,"height":1280},{"@type":"BreadcrumbList","@id":"https:\/\/www.telaslycra.com\/US\/shop\/green-and-blue-marble-print-nylon-spandex-fabric-4-way-stretch-by-yard-for-swimwear-dancewear-gymwear-sportwear-243-7\/#breadcrumb","itemListElement":[{"@type":"ListItem","position":1,"name":"Portada","item":"https:\/\/www.telaslycra.com\/US\/"},{"@type":"ListItem","position":2,"name":"Shop","item":"https:\/\/www.telaslycra.com\/US\/shop\/"},{"@type":"ListItem","position":3,"name":"Green and Blue Marble Print Nylon Spandex Fabric 4 Way Stretch By Yard for swimwear dancewear gymwear sportwear (203-6)"}]},{"@type":"WebSite","@id":"https:\/\/www.telaslycra.com\/US\/#website","url":"https:\/\/www.telaslycra.com\/US\/","name":"Spandex Fabric","description":"Spandex Fabric","potentialAction":[{"@type":"SearchAction","target":{"@type":"EntryPoint","urlTemplate":"https:\/\/www.telaslycra.com\/US\/?s={search_term_string}"},"query-input":{"@type":"PropertyValueSpecification","valueRequired":true,"valueName":"search_term_string"}}],"inLanguage":"en"}]}},"jetpack_publicize_connections":[],"jetpack_sharing_enabled":true,"_links":{"self":[{"href":"https:\/\/www.telaslycra.com\/US\/wp-json\/wp\/v2\/product\/37197","targetHints":{"allow":["GET"]}}],"collection":[{"href":"https:\/\/www.telaslycra.com\/US\/wp-json\/wp\/v2\/product"}],"about":[{"href":"https:\/\/www.telaslycra.com\/US\/wp-json\/wp\/v2\/types\/product"}],"replies":[{"embeddable":true,"href":"https:\/\/www.telaslycra.com\/US\/wp-json\/wp\/v2\/comments?post=37197"}],"wp:featuredmedia":[{"embeddable":true,"href":"https:\/\/www.telaslycra.com\/US\/wp-json\/wp\/v2\/media\/37203"}],"wp:attachment":[{"href":"https:\/\/www.telaslycra.com\/US\/wp-json\/wp\/v2\/media?parent=37197"}],"wp:term":[{"taxonomy":"product_brand","embeddable":true,"href":"https:\/\/www.telaslycra.com\/US\/wp-json\/wp\/v2\/product_brand?post=37197"},{"taxonomy":"product_cat","embeddable":true,"href":"https:\/\/www.telaslycra.com\/US\/wp-json\/wp\/v2\/product_cat?post=37197"},{"taxonomy":"product_tag","embeddable":true,"href":"https:\/\/www.telaslycra.com\/US\/wp-json\/wp\/v2\/product_tag?post=37197"}],"curies":[{"name":"wp","href":"https:\/\/api.w.org\/{rel}","templated":true}]}}