{"id":37966,"date":"2024-01-10T08:49:07","date_gmt":"2024-01-10T13:49:07","guid":{"rendered":"https:\/\/www.telaslycra.com\/US\/?post_type=product&#038;p=37966"},"modified":"2026-03-22T20:42:00","modified_gmt":"2026-03-23T00:42:00","slug":"pastel-blue-metallic-foil-blimblim-nylon-lycra-spandex-fabric-4-way-stretch-by-the-yard-for-swimwear-dancewear-sportwear-dress-243-10","status":"publish","type":"product","link":"https:\/\/www.telaslycra.com\/US\/shop\/pastel-blue-metallic-foil-blimblim-nylon-lycra-spandex-fabric-4-way-stretch-by-the-yard-for-swimwear-dancewear-sportwear-dress-243-10\/","title":{"rendered":"Pastel Blue Metallic Foil BlimBlim Nylon Lycra Spandex Fabric 4 Way Stretch By The Yard for swimwear dancewear sportwear dress (205-10)"},"content":{"rendered":"<button class=\"simplefavorite-button has-count\" data-postid=\"37966\" data-siteid=\"1\" data-groupid=\"1\" data-favoritecount=\"0\" style=\"\">Favorite <i class=\"sf-icon-star-empty\"><\/i><span class=\"simplefavorite-button-count\" style=\"\">0<\/span><\/button><p><span style=\"vertical-align: inherit;\"><span style=\"vertical-align: inherit;\">Bienvenidos a\u00a0 <\/span><\/span><strong><span style=\"vertical-align: inherit;\"><span style=\"vertical-align: inherit;\">TelasLycraCom\/US\/\u00a0<\/span><\/span><\/strong><span style=\"vertical-align: inherit;\"><span style=\"vertical-align: inherit;\"> \u00a0Estamos especializados en telas spandex<\/span><\/span><\/p>\n<p><span style=\"vertical-align: inherit;\"><span style=\"vertical-align: inherit;\">Est\u00e1s viendo Tela Azul Pastel Met\u00e1lico BlimBlim Nylon Lycra Spandex 4 Way Stretch cortado a medida para trajes de ba\u00f1o ropa de baile ropa deportiva vestido<\/span><\/span><\/p>\n<p><span style=\"vertical-align: inherit;\"><span style=\"vertical-align: inherit;\">Somos una empresa textil con m\u00e1s de 20 a\u00f1os de experiencia en la Industria textil. Ofrecemos telas spandex de la mejor calidad y tenemos m\u00e1s de 3000 estampados, el\u00e1sticos de colores s\u00f3lidos para coser y otros accesorios para confeccionar trajes de ba\u00f1o.<\/span><\/span><\/p>\n<p><span style=\"vertical-align: inherit;\"><span style=\"vertical-align: inherit;\">Trabajamos con un tipo de tejido especial y \u00fanico, con una composici\u00f3n de 80% Nylon 20% Spandex. Con 4-Way Stretch, nuestros tejidos tienen la mejor calidad, suavidad, ligereza, resistencia y elasticidad y sin transparencias.<\/span><\/span><\/p>\n<p><span style=\"vertical-align: inherit;\"><span style=\"vertical-align: inherit;\">Le entregar\u00e1 r\u00e1pidamente la cantidad que compre SIN CORTES. Obtendr\u00e1s la cantidad continua de tela spandex que decidas comprar con 60&#8243; de ancho y tantas yardas de material como necesites.<\/span><\/span><\/p>\n<p><span style=\"vertical-align: inherit;\"><span style=\"vertical-align: inherit;\">Las cualidades especiales de nuestro tejido 4-Way Spandex, nuestro material suave, ligero y resistente, no se trasluce cuando se estira, lo que lo hace perfecto para ropa deportiva, como ropa de gimnasia, ropa de baile y trajes de ba\u00f1o. Obtendr\u00e1s resultados duraderos para cualquier proyecto o pieza que realices<\/span><\/span><\/p>\n<p><span style=\"vertical-align: inherit;\"><span style=\"vertical-align: inherit;\">El m\u00e9todo de lavado recomendado para nuestro tejido es lavar a mano con agua fr\u00eda, no usar lej\u00eda, no escurrir, planchar en fr\u00edo y secar a la sombra o por goteo. Evite calentar y pegar.<\/span><\/span><\/p>\n<p><span style=\"vertical-align: inherit;\"><span style=\"vertical-align: inherit;\">VENDIDO POR PATIO CONTINUO.<\/span><\/span><\/p>\n<button class=\"simplefavorite-button has-count\" data-postid=\"37966\" data-siteid=\"1\" data-groupid=\"1\" data-favoritecount=\"0\" style=\"\">Favorite <i class=\"sf-icon-star-empty\"><\/i><span class=\"simplefavorite-button-count\" style=\"\">0<\/span><\/button>","protected":false},"excerpt":{"rendered":"<ul>\n<li><span style=\"vertical-align: inherit;\"><span style=\"vertical-align: inherit;\"><div class=\"su-youtube su-u-responsive-media-yes\"><iframe loading=\"lazy\" width=\"600\" height=\"400\" src=\"https:\/\/www.youtube.com\/embed\/WPIpkdGojVA?\" frameborder=\"0\" allowfullscreen allow=\"autoplay; encrypted-media; picture-in-picture\" title=\"\"><\/iframe><\/div>ancho 60 pulgadas<\/span><\/span><\/li>\n<li><span style=\"vertical-align: inherit;\"><span style=\"vertical-align: inherit;\">200 220 G\/M<\/span><\/span><\/li>\n<li><span style=\"vertical-align: inherit;\"><span style=\"vertical-align: inherit;\">Estiramiento en 4 direcciones<\/span><\/span><\/li>\n<li><span style=\"vertical-align: inherit;\"><span style=\"vertical-align: inherit;\">Hecho en Francia<\/span><\/span><\/li>\n<li><span style=\"vertical-align: inherit;\"><span style=\"vertical-align: inherit;\">Enviamos desde Nueva York a trav\u00e9s del correo prioritario de USPS<\/span><\/span><\/li>\n<\/ul>\n<p><span style=\"vertical-align: inherit;\"><span style=\"vertical-align: inherit;\"><div class=\"su-youtube su-u-responsive-media-yes\"><iframe loading=\"lazy\" width=\"600\" height=\"400\" src=\"https:\/\/www.youtube.com\/embed\/0CUbbb_fzpk?\" frameborder=\"0\" allowfullscreen allow=\"autoplay; encrypted-media; picture-in-picture\" title=\"\"><\/iframe><\/div><\/span><\/span><\/p>\n<p>&nbsp;<\/p>\n","protected":false},"featured_media":37974,"comment_status":"closed","ping_status":"closed","template":"","meta":{"jetpack_publicize_message":"","jetpack_publicize_feature_enabled":true,"jetpack_social_post_already_shared":true,"jetpack_social_options":{"image_generator_settings":{"template":"highway","default_image_id":0,"font":"","enabled":false},"version":2}},"product_brand":[],"product_cat":[823,170],"product_tag":[924,1044,825,1041,508,1074,470],"class_list":{"0":"post-37966","1":"product","2":"type-product","3":"status-publish","4":"has-post-thumbnail","6":"product_cat-hologram-metallic-foil","7":"product_cat-print-spandex-fabrics","8":"product_tag-4-way-stretch","9":"product_tag-by-yard","10":"product_tag-fabric","11":"product_tag-metallic","12":"product_tag-nylon","13":"product_tag-pastel-blue","14":"product_tag-spandex","15":"product_shipping_class-telas","17":"first","18":"instock","19":"taxable","20":"shipping-taxable","21":"purchasable","22":"product-type-simple"},"yoast_head":"<!-- This site is optimized with the Yoast SEO plugin v27.3 - https:\/\/yoast.com\/product\/yoast-seo-wordpress\/ -->\n<title>Spandex Fabric<\/title>\n<meta name=\"description\" content=\"We are a fabric company with more than 20 years of experience in the textile Industry. We provide the best quality spandex fabrics and carry more than 3000 prints, solid colors elastic for sewing and others accessories to make swimwear\" \/>\n<meta name=\"robots\" content=\"index, follow, max-snippet:-1, max-image-preview:large, max-video-preview:-1\" \/>\n<link rel=\"canonical\" href=\"https:\/\/www.telaslycra.com\/US\/shop\/pastel-blue-metallic-foil-blimblim-nylon-lycra-spandex-fabric-4-way-stretch-by-the-yard-for-swimwear-dancewear-sportwear-dress-243-10\/\" \/>\n<meta property=\"og:locale\" content=\"en_US\" \/>\n<meta property=\"og:type\" content=\"article\" \/>\n<meta property=\"og:title\" content=\"Spandex Fabric\" \/>\n<meta property=\"og:description\" content=\"We are a fabric company with more than 20 years of experience in the textile Industry. We provide the best quality spandex fabrics and carry more than 3000 prints, solid colors elastic for sewing and others accessories to make swimwear\" \/>\n<meta property=\"og:url\" content=\"https:\/\/www.telaslycra.com\/US\/shop\/pastel-blue-metallic-foil-blimblim-nylon-lycra-spandex-fabric-4-way-stretch-by-the-yard-for-swimwear-dancewear-sportwear-dress-243-10\/\" \/>\n<meta property=\"og:site_name\" content=\"Spandex Fabric\" \/>\n<meta property=\"article:publisher\" content=\"https:\/\/www.facebook.com\/Telaslycra\/\" \/>\n<meta property=\"article:modified_time\" content=\"2026-03-23T00:42:00+00:00\" \/>\n<meta property=\"og:image\" content=\"https:\/\/www.telaslycra.com\/US\/wp-content\/uploads\/2024\/01\/WhatsApp-Image-2024-01-10-at-9.45.49-AM-jpeg.webp\" \/>\n\t<meta property=\"og:image:width\" content=\"1280\" \/>\n\t<meta property=\"og:image:height\" content=\"1280\" \/>\n\t<meta property=\"og:image:type\" content=\"image\/jpeg\" \/>\n<meta name=\"twitter:card\" content=\"summary_large_image\" \/>\n<meta name=\"twitter:label1\" content=\"Est. reading time\" \/>\n\t<meta name=\"twitter:data1\" content=\"2 minutes\" \/>\n<script type=\"application\/ld+json\" class=\"yoast-schema-graph\">{\"@context\":\"https:\\\/\\\/schema.org\",\"@graph\":[{\"@type\":\"WebPage\",\"@id\":\"https:\\\/\\\/www.telaslycra.com\\\/US\\\/shop\\\/pastel-blue-metallic-foil-blimblim-nylon-lycra-spandex-fabric-4-way-stretch-by-the-yard-for-swimwear-dancewear-sportwear-dress-243-10\\\/\",\"url\":\"https:\\\/\\\/www.telaslycra.com\\\/US\\\/shop\\\/pastel-blue-metallic-foil-blimblim-nylon-lycra-spandex-fabric-4-way-stretch-by-the-yard-for-swimwear-dancewear-sportwear-dress-243-10\\\/\",\"name\":\"Spandex Fabric\",\"isPartOf\":{\"@id\":\"https:\\\/\\\/www.telaslycra.com\\\/US\\\/#website\"},\"primaryImageOfPage\":{\"@id\":\"https:\\\/\\\/www.telaslycra.com\\\/US\\\/shop\\\/pastel-blue-metallic-foil-blimblim-nylon-lycra-spandex-fabric-4-way-stretch-by-the-yard-for-swimwear-dancewear-sportwear-dress-243-10\\\/#primaryimage\"},\"image\":{\"@id\":\"https:\\\/\\\/www.telaslycra.com\\\/US\\\/shop\\\/pastel-blue-metallic-foil-blimblim-nylon-lycra-spandex-fabric-4-way-stretch-by-the-yard-for-swimwear-dancewear-sportwear-dress-243-10\\\/#primaryimage\"},\"thumbnailUrl\":\"https:\\\/\\\/www.telaslycra.com\\\/US\\\/wp-content\\\/uploads\\\/2024\\\/01\\\/WhatsApp-Image-2024-01-10-at-9.45.49-AM-jpeg.webp\",\"datePublished\":\"2024-01-10T13:49:07+00:00\",\"dateModified\":\"2026-03-23T00:42:00+00:00\",\"description\":\"We are a fabric company with more than 20 years of experience in the textile Industry. We provide the best quality spandex fabrics and carry more than 3000 prints, solid colors elastic for sewing and others accessories to make swimwear\",\"breadcrumb\":{\"@id\":\"https:\\\/\\\/www.telaslycra.com\\\/US\\\/shop\\\/pastel-blue-metallic-foil-blimblim-nylon-lycra-spandex-fabric-4-way-stretch-by-the-yard-for-swimwear-dancewear-sportwear-dress-243-10\\\/#breadcrumb\"},\"inLanguage\":\"en\",\"potentialAction\":[{\"@type\":\"ReadAction\",\"target\":[\"https:\\\/\\\/www.telaslycra.com\\\/US\\\/shop\\\/pastel-blue-metallic-foil-blimblim-nylon-lycra-spandex-fabric-4-way-stretch-by-the-yard-for-swimwear-dancewear-sportwear-dress-243-10\\\/\"]}]},{\"@type\":\"ImageObject\",\"inLanguage\":\"en\",\"@id\":\"https:\\\/\\\/www.telaslycra.com\\\/US\\\/shop\\\/pastel-blue-metallic-foil-blimblim-nylon-lycra-spandex-fabric-4-way-stretch-by-the-yard-for-swimwear-dancewear-sportwear-dress-243-10\\\/#primaryimage\",\"url\":\"https:\\\/\\\/www.telaslycra.com\\\/US\\\/wp-content\\\/uploads\\\/2024\\\/01\\\/WhatsApp-Image-2024-01-10-at-9.45.49-AM-jpeg.webp\",\"contentUrl\":\"https:\\\/\\\/www.telaslycra.com\\\/US\\\/wp-content\\\/uploads\\\/2024\\\/01\\\/WhatsApp-Image-2024-01-10-at-9.45.49-AM-jpeg.webp\",\"width\":1280,\"height\":1280},{\"@type\":\"BreadcrumbList\",\"@id\":\"https:\\\/\\\/www.telaslycra.com\\\/US\\\/shop\\\/pastel-blue-metallic-foil-blimblim-nylon-lycra-spandex-fabric-4-way-stretch-by-the-yard-for-swimwear-dancewear-sportwear-dress-243-10\\\/#breadcrumb\",\"itemListElement\":[{\"@type\":\"ListItem\",\"position\":1,\"name\":\"Portada\",\"item\":\"https:\\\/\\\/www.telaslycra.com\\\/US\\\/\"},{\"@type\":\"ListItem\",\"position\":2,\"name\":\"Shop\",\"item\":\"https:\\\/\\\/www.telaslycra.com\\\/US\\\/shop\\\/\"},{\"@type\":\"ListItem\",\"position\":3,\"name\":\"Pastel Blue Metallic Foil BlimBlim Nylon Lycra Spandex Fabric 4 Way Stretch By The Yard for swimwear dancewear sportwear dress (205-10)\"}]},{\"@type\":\"WebSite\",\"@id\":\"https:\\\/\\\/www.telaslycra.com\\\/US\\\/#website\",\"url\":\"https:\\\/\\\/www.telaslycra.com\\\/US\\\/\",\"name\":\"Spandex Fabric\",\"description\":\"Spandex Fabric\",\"potentialAction\":[{\"@type\":\"SearchAction\",\"target\":{\"@type\":\"EntryPoint\",\"urlTemplate\":\"https:\\\/\\\/www.telaslycra.com\\\/US\\\/?s={search_term_string}\"},\"query-input\":{\"@type\":\"PropertyValueSpecification\",\"valueRequired\":true,\"valueName\":\"search_term_string\"}}],\"inLanguage\":\"en\"}]}<\/script>\n<!-- \/ Yoast SEO plugin. -->","yoast_head_json":{"title":"Spandex Fabric","description":"We are a fabric company with more than 20 years of experience in the textile Industry. We provide the best quality spandex fabrics and carry more than 3000 prints, solid colors elastic for sewing and others accessories to make swimwear","robots":{"index":"index","follow":"follow","max-snippet":"max-snippet:-1","max-image-preview":"max-image-preview:large","max-video-preview":"max-video-preview:-1"},"canonical":"https:\/\/www.telaslycra.com\/US\/shop\/pastel-blue-metallic-foil-blimblim-nylon-lycra-spandex-fabric-4-way-stretch-by-the-yard-for-swimwear-dancewear-sportwear-dress-243-10\/","og_locale":"en_US","og_type":"article","og_title":"Spandex Fabric","og_description":"We are a fabric company with more than 20 years of experience in the textile Industry. We provide the best quality spandex fabrics and carry more than 3000 prints, solid colors elastic for sewing and others accessories to make swimwear","og_url":"https:\/\/www.telaslycra.com\/US\/shop\/pastel-blue-metallic-foil-blimblim-nylon-lycra-spandex-fabric-4-way-stretch-by-the-yard-for-swimwear-dancewear-sportwear-dress-243-10\/","og_site_name":"Spandex Fabric","article_publisher":"https:\/\/www.facebook.com\/Telaslycra\/","article_modified_time":"2026-03-23T00:42:00+00:00","og_image":[{"width":1280,"height":1280,"url":"https:\/\/www.telaslycra.com\/US\/wp-content\/uploads\/2024\/01\/WhatsApp-Image-2024-01-10-at-9.45.49-AM-jpeg.webp","type":"image\/jpeg"}],"twitter_card":"summary_large_image","twitter_misc":{"Est. reading time":"2 minutes"},"schema":{"@context":"https:\/\/schema.org","@graph":[{"@type":"WebPage","@id":"https:\/\/www.telaslycra.com\/US\/shop\/pastel-blue-metallic-foil-blimblim-nylon-lycra-spandex-fabric-4-way-stretch-by-the-yard-for-swimwear-dancewear-sportwear-dress-243-10\/","url":"https:\/\/www.telaslycra.com\/US\/shop\/pastel-blue-metallic-foil-blimblim-nylon-lycra-spandex-fabric-4-way-stretch-by-the-yard-for-swimwear-dancewear-sportwear-dress-243-10\/","name":"Spandex Fabric","isPartOf":{"@id":"https:\/\/www.telaslycra.com\/US\/#website"},"primaryImageOfPage":{"@id":"https:\/\/www.telaslycra.com\/US\/shop\/pastel-blue-metallic-foil-blimblim-nylon-lycra-spandex-fabric-4-way-stretch-by-the-yard-for-swimwear-dancewear-sportwear-dress-243-10\/#primaryimage"},"image":{"@id":"https:\/\/www.telaslycra.com\/US\/shop\/pastel-blue-metallic-foil-blimblim-nylon-lycra-spandex-fabric-4-way-stretch-by-the-yard-for-swimwear-dancewear-sportwear-dress-243-10\/#primaryimage"},"thumbnailUrl":"https:\/\/www.telaslycra.com\/US\/wp-content\/uploads\/2024\/01\/WhatsApp-Image-2024-01-10-at-9.45.49-AM-jpeg.webp","datePublished":"2024-01-10T13:49:07+00:00","dateModified":"2026-03-23T00:42:00+00:00","description":"We are a fabric company with more than 20 years of experience in the textile Industry. We provide the best quality spandex fabrics and carry more than 3000 prints, solid colors elastic for sewing and others accessories to make swimwear","breadcrumb":{"@id":"https:\/\/www.telaslycra.com\/US\/shop\/pastel-blue-metallic-foil-blimblim-nylon-lycra-spandex-fabric-4-way-stretch-by-the-yard-for-swimwear-dancewear-sportwear-dress-243-10\/#breadcrumb"},"inLanguage":"en","potentialAction":[{"@type":"ReadAction","target":["https:\/\/www.telaslycra.com\/US\/shop\/pastel-blue-metallic-foil-blimblim-nylon-lycra-spandex-fabric-4-way-stretch-by-the-yard-for-swimwear-dancewear-sportwear-dress-243-10\/"]}]},{"@type":"ImageObject","inLanguage":"en","@id":"https:\/\/www.telaslycra.com\/US\/shop\/pastel-blue-metallic-foil-blimblim-nylon-lycra-spandex-fabric-4-way-stretch-by-the-yard-for-swimwear-dancewear-sportwear-dress-243-10\/#primaryimage","url":"https:\/\/www.telaslycra.com\/US\/wp-content\/uploads\/2024\/01\/WhatsApp-Image-2024-01-10-at-9.45.49-AM-jpeg.webp","contentUrl":"https:\/\/www.telaslycra.com\/US\/wp-content\/uploads\/2024\/01\/WhatsApp-Image-2024-01-10-at-9.45.49-AM-jpeg.webp","width":1280,"height":1280},{"@type":"BreadcrumbList","@id":"https:\/\/www.telaslycra.com\/US\/shop\/pastel-blue-metallic-foil-blimblim-nylon-lycra-spandex-fabric-4-way-stretch-by-the-yard-for-swimwear-dancewear-sportwear-dress-243-10\/#breadcrumb","itemListElement":[{"@type":"ListItem","position":1,"name":"Portada","item":"https:\/\/www.telaslycra.com\/US\/"},{"@type":"ListItem","position":2,"name":"Shop","item":"https:\/\/www.telaslycra.com\/US\/shop\/"},{"@type":"ListItem","position":3,"name":"Pastel Blue Metallic Foil BlimBlim Nylon Lycra Spandex Fabric 4 Way Stretch By The Yard for swimwear dancewear sportwear dress (205-10)"}]},{"@type":"WebSite","@id":"https:\/\/www.telaslycra.com\/US\/#website","url":"https:\/\/www.telaslycra.com\/US\/","name":"Spandex Fabric","description":"Spandex Fabric","potentialAction":[{"@type":"SearchAction","target":{"@type":"EntryPoint","urlTemplate":"https:\/\/www.telaslycra.com\/US\/?s={search_term_string}"},"query-input":{"@type":"PropertyValueSpecification","valueRequired":true,"valueName":"search_term_string"}}],"inLanguage":"en"}]}},"jetpack_publicize_connections":[],"jetpack_sharing_enabled":true,"_links":{"self":[{"href":"https:\/\/www.telaslycra.com\/US\/wp-json\/wp\/v2\/product\/37966","targetHints":{"allow":["GET"]}}],"collection":[{"href":"https:\/\/www.telaslycra.com\/US\/wp-json\/wp\/v2\/product"}],"about":[{"href":"https:\/\/www.telaslycra.com\/US\/wp-json\/wp\/v2\/types\/product"}],"replies":[{"embeddable":true,"href":"https:\/\/www.telaslycra.com\/US\/wp-json\/wp\/v2\/comments?post=37966"}],"wp:featuredmedia":[{"embeddable":true,"href":"https:\/\/www.telaslycra.com\/US\/wp-json\/wp\/v2\/media\/37974"}],"wp:attachment":[{"href":"https:\/\/www.telaslycra.com\/US\/wp-json\/wp\/v2\/media?parent=37966"}],"wp:term":[{"taxonomy":"product_brand","embeddable":true,"href":"https:\/\/www.telaslycra.com\/US\/wp-json\/wp\/v2\/product_brand?post=37966"},{"taxonomy":"product_cat","embeddable":true,"href":"https:\/\/www.telaslycra.com\/US\/wp-json\/wp\/v2\/product_cat?post=37966"},{"taxonomy":"product_tag","embeddable":true,"href":"https:\/\/www.telaslycra.com\/US\/wp-json\/wp\/v2\/product_tag?post=37966"}],"curies":[{"name":"wp","href":"https:\/\/api.w.org\/{rel}","templated":true}]}}