{"id":43738,"date":"2024-06-18T10:04:09","date_gmt":"2024-06-18T14:04:09","guid":{"rendered":"https:\/\/www.telaslycra.com\/US\/?post_type=product&#038;p=43738"},"modified":"2026-03-16T09:11:50","modified_gmt":"2026-03-16T13:11:50","slug":"abstract-geometric-green-and-blue-print-nylon-lycra-spandex-fabric-4-way-stretch-by-yard-for-swimwear-dancewear-gymwear-sportwear-dress","status":"publish","type":"product","link":"https:\/\/www.telaslycra.com\/US\/shop\/abstract-geometric-green-and-blue-print-nylon-lycra-spandex-fabric-4-way-stretch-by-yard-for-swimwear-dancewear-gymwear-sportwear-dress\/","title":{"rendered":"Abstract Geometric Green and Blue Print Nylon Lycra Spandex Fabric 4 Way Stretch By Yard for swimwear dancewear gymwear sportwear dress (239-7)"},"content":{"rendered":"<button class=\"simplefavorite-button has-count\" data-postid=\"43738\" data-siteid=\"1\" data-groupid=\"1\" data-favoritecount=\"0\" style=\"\">Favorite <i class=\"sf-icon-star-empty\"><\/i><span class=\"simplefavorite-button-count\" style=\"\">0<\/span><\/button><p><span style=\"vertical-align: inherit;\"><span style=\"vertical-align: inherit;\">Bienvenido a TelasLycra.Com<\/span><\/span><\/p>\n<p><span style=\"vertical-align: inherit;\"><span style=\"vertical-align: inherit;\">Est\u00e1s viendo <\/span><\/span><span style=\"vertical-align: inherit;\"><span style=\"vertical-align: inherit;\">Tela de licra y licra de nailon con estampado geom\u00e9trico abstracto en verde y azul, corte en 4 direcciones, corte a medida para trajes de ba\u00f1o, ropa de baile, ropa deportiva, ropa deportiva<\/span><\/span><\/p>\n<p><span style=\"vertical-align: inherit;\"><span style=\"vertical-align: inherit;\">Somos una empresa textil con m\u00e1s de 20 a\u00f1os de experiencia en la Industria textil. Ofrecemos telas spandex de la mejor calidad y tenemos m\u00e1s de 3000 estampados, el\u00e1sticos de colores s\u00f3lidos para coser y otros accesorios para confeccionar trajes de ba\u00f1o.<\/span><\/span><\/p>\n<p><span style=\"vertical-align: inherit;\"><span style=\"vertical-align: inherit;\">Trabajamos con un tipo de tejido especial y \u00fanico, con una composici\u00f3n de 80% Nylon 20% Spandex. Con 4-Way Stretch, nuestros tejidos tienen la mejor calidad, suavidad, ligereza, resistencia y elasticidad y sin transparencias.<\/span><\/span><\/p>\n<p><span style=\"vertical-align: inherit;\"><span style=\"vertical-align: inherit;\">Le entregar\u00e1 r\u00e1pidamente la cantidad que compre SIN CORTES. Obtendr\u00e1s la cantidad continua de tela spandex que decidas comprar con 60&#8243; de ancho y tantas yardas de material como necesites.<\/span><\/span><\/p>\n<p><span style=\"vertical-align: inherit;\"><span style=\"vertical-align: inherit;\">Las cualidades especiales de nuestro tejido 4-Way Spandex, nuestro material suave, ligero y resistente, no se trasluce cuando se estira, lo que lo hace perfecto para ropa deportiva, como ropa de gimnasia, ropa de baile y trajes de ba\u00f1o. Obtendr\u00e1s resultados duraderos para cualquier proyecto o pieza que realices<\/span><\/span><\/p>\n<p><span style=\"vertical-align: inherit;\"><span style=\"vertical-align: inherit;\">El m\u00e9todo de lavado recomendado para nuestro tejido es lavar a mano con agua fr\u00eda, no usar lej\u00eda, no escurrir, planchar en fr\u00edo y secar a la sombra o por goteo. Evite calentar y pegar.<\/span><\/span><\/p>\n<p><span style=\"vertical-align: inherit;\"><span style=\"vertical-align: inherit;\">VENDIDO POR PATIO CONTINUO.<\/span><\/span><\/p>\n<button class=\"simplefavorite-button has-count\" data-postid=\"43738\" data-siteid=\"1\" data-groupid=\"1\" data-favoritecount=\"0\" style=\"\">Favorite <i class=\"sf-icon-star-empty\"><\/i><span class=\"simplefavorite-button-count\" style=\"\">0<\/span><\/button>","protected":false},"excerpt":{"rendered":"<ul>\n<li><span style=\"font-size: 14.4px;\"><span style=\"vertical-align: inherit;\"><span style=\"vertical-align: inherit;\">80% nailon 20% elastano<\/span><\/span><\/span><\/li>\n<li><span style=\"vertical-align: inherit;\"><span style=\"vertical-align: inherit;\">ancho 60 pulgadas<\/span><\/span><\/li>\n<li><span style=\"vertical-align: inherit;\"><span style=\"vertical-align: inherit;\">200 220 G\/M<\/span><\/span><\/li>\n<li><span style=\"vertical-align: inherit;\"><span style=\"vertical-align: inherit;\">Estiramiento en 4 direcciones<\/span><\/span><\/li>\n<li><span style=\"vertical-align: inherit;\"><span style=\"vertical-align: inherit;\">Hecho en Francia<\/span><\/span><\/li>\n<li><span style=\"vertical-align: inherit;\"><span style=\"vertical-align: inherit;\">Enviamos desde Nueva York a trav\u00e9s del correo prioritario de USPS<\/span><\/span><\/li>\n<\/ul>\n<p><span style=\"vertical-align: inherit;\"><span style=\"vertical-align: inherit;\"><div class=\"su-youtube su-u-responsive-media-yes\"><iframe loading=\"lazy\" width=\"600\" height=\"400\" src=\"https:\/\/www.youtube.com\/embed\/woskyjm3Mx0?\" frameborder=\"0\" allowfullscreen allow=\"autoplay; encrypted-media; picture-in-picture\" title=\"\"><\/iframe><\/div><\/span><\/span><\/p>\n<p>&nbsp;<\/p>\n","protected":false},"featured_media":43726,"comment_status":"closed","ping_status":"closed","template":"","meta":{"jetpack_publicize_message":"","jetpack_publicize_feature_enabled":true,"jetpack_social_post_already_shared":true,"jetpack_social_options":{"image_generator_settings":{"template":"highway","default_image_id":0,"font":"","enabled":false},"version":2}},"product_brand":[],"product_cat":[1091,505,170],"product_tag":[1044,830,508,890,833,497,1009,470,905,472],"class_list":{"0":"post-43738","1":"product","2":"type-product","3":"status-publish","4":"has-post-thumbnail","6":"product_cat-coral-reef-under-the-sea","7":"product_cat-geometrict-prints","8":"product_cat-print-spandex-fabrics","9":"product_tag-by-yard","10":"product_tag-dancewear","11":"product_tag-nylon","12":"product_tag-print","13":"product_tag-printed-spandex","14":"product_tag-purple","15":"product_tag-scales","16":"product_tag-spandex","17":"product_tag-sportwear","18":"product_tag-swimwear","19":"product_shipping_class-telas","21":"first","22":"outofstock","23":"taxable","24":"shipping-taxable","25":"purchasable","26":"product-type-simple"},"yoast_head":"<!-- This site is optimized with the Yoast SEO plugin v27.3 - https:\/\/yoast.com\/product\/yoast-seo-wordpress\/ -->\n<title>Abstract Geometric Green and Blue Print Nylon Lycra Spandex<\/title>\n<meta name=\"description\" content=\"Abstract Geometric Green and Blue Print Nylon Lycra Spandex Fabric 4 Way Stretch By Yard for swimwear dancewear gymwear sportwear dress\" \/>\n<meta name=\"robots\" content=\"index, follow, max-snippet:-1, max-image-preview:large, max-video-preview:-1\" \/>\n<link rel=\"canonical\" href=\"https:\/\/www.telaslycra.com\/US\/shop\/abstract-geometric-green-and-blue-print-nylon-lycra-spandex-fabric-4-way-stretch-by-yard-for-swimwear-dancewear-gymwear-sportwear-dress\/\" \/>\n<meta property=\"og:locale\" content=\"en_US\" \/>\n<meta property=\"og:type\" content=\"article\" \/>\n<meta property=\"og:title\" content=\"Magenta Tie Dye Print Nylon Spandex Fabric 4 Way Stretch By Yard for swimwear dancewear gymwear sportwear\" \/>\n<meta property=\"og:description\" content=\"You are viewing Magenta Tie Dye Print Nylon Spandex Fabric 4 Way Stretch By Yard for swimwear dancewear gymwear sportwear. Extremely beautiful print\u00a0 weight 200 to 220 GSM\u00a0 80% Nylon 20% Spandex.\" \/>\n<meta property=\"og:url\" content=\"https:\/\/www.telaslycra.com\/US\/shop\/abstract-geometric-green-and-blue-print-nylon-lycra-spandex-fabric-4-way-stretch-by-yard-for-swimwear-dancewear-gymwear-sportwear-dress\/\" \/>\n<meta property=\"og:site_name\" content=\"Spandex Fabric\" \/>\n<meta property=\"article:publisher\" content=\"https:\/\/www.facebook.com\/Telaslycra\/\" \/>\n<meta property=\"article:modified_time\" content=\"2026-03-16T13:11:50+00:00\" \/>\n<meta property=\"og:image\" content=\"https:\/\/www.telaslycra.com\/US\/wp-content\/uploads\/2022\/06\/WhatsApp-Image-2022-06-27-at-10.53.29-AM.jpeg\" \/>\n\t<meta property=\"og:image:width\" content=\"2048\" \/>\n\t<meta property=\"og:image:height\" content=\"2048\" \/>\n\t<meta property=\"og:image:type\" content=\"image\/jpeg\" \/>\n<meta name=\"twitter:card\" content=\"summary_large_image\" \/>\n<meta name=\"twitter:label1\" content=\"Est. reading time\" \/>\n\t<meta name=\"twitter:data1\" content=\"2 minutes\" \/>\n<script type=\"application\/ld+json\" class=\"yoast-schema-graph\">{\"@context\":\"https:\\\/\\\/schema.org\",\"@graph\":[{\"@type\":\"WebPage\",\"@id\":\"https:\\\/\\\/www.telaslycra.com\\\/US\\\/shop\\\/abstract-geometric-green-and-blue-print-nylon-lycra-spandex-fabric-4-way-stretch-by-yard-for-swimwear-dancewear-gymwear-sportwear-dress\\\/\",\"url\":\"https:\\\/\\\/www.telaslycra.com\\\/US\\\/shop\\\/abstract-geometric-green-and-blue-print-nylon-lycra-spandex-fabric-4-way-stretch-by-yard-for-swimwear-dancewear-gymwear-sportwear-dress\\\/\",\"name\":\"Abstract Geometric Green and Blue Print Nylon Lycra Spandex\",\"isPartOf\":{\"@id\":\"https:\\\/\\\/www.telaslycra.com\\\/US\\\/#website\"},\"primaryImageOfPage\":{\"@id\":\"https:\\\/\\\/www.telaslycra.com\\\/US\\\/shop\\\/abstract-geometric-green-and-blue-print-nylon-lycra-spandex-fabric-4-way-stretch-by-yard-for-swimwear-dancewear-gymwear-sportwear-dress\\\/#primaryimage\"},\"image\":{\"@id\":\"https:\\\/\\\/www.telaslycra.com\\\/US\\\/shop\\\/abstract-geometric-green-and-blue-print-nylon-lycra-spandex-fabric-4-way-stretch-by-yard-for-swimwear-dancewear-gymwear-sportwear-dress\\\/#primaryimage\"},\"thumbnailUrl\":\"https:\\\/\\\/www.telaslycra.com\\\/US\\\/wp-content\\\/uploads\\\/2024\\\/06\\\/L1E0800041-3.jpeg\",\"datePublished\":\"2024-06-18T14:04:09+00:00\",\"dateModified\":\"2026-03-16T13:11:50+00:00\",\"description\":\"Abstract Geometric Green and Blue Print Nylon Lycra Spandex Fabric 4 Way Stretch By Yard for swimwear dancewear gymwear sportwear dress\",\"breadcrumb\":{\"@id\":\"https:\\\/\\\/www.telaslycra.com\\\/US\\\/shop\\\/abstract-geometric-green-and-blue-print-nylon-lycra-spandex-fabric-4-way-stretch-by-yard-for-swimwear-dancewear-gymwear-sportwear-dress\\\/#breadcrumb\"},\"inLanguage\":\"en\",\"potentialAction\":[{\"@type\":\"ReadAction\",\"target\":[\"https:\\\/\\\/www.telaslycra.com\\\/US\\\/shop\\\/abstract-geometric-green-and-blue-print-nylon-lycra-spandex-fabric-4-way-stretch-by-yard-for-swimwear-dancewear-gymwear-sportwear-dress\\\/\"]}]},{\"@type\":\"ImageObject\",\"inLanguage\":\"en\",\"@id\":\"https:\\\/\\\/www.telaslycra.com\\\/US\\\/shop\\\/abstract-geometric-green-and-blue-print-nylon-lycra-spandex-fabric-4-way-stretch-by-yard-for-swimwear-dancewear-gymwear-sportwear-dress\\\/#primaryimage\",\"url\":\"https:\\\/\\\/www.telaslycra.com\\\/US\\\/wp-content\\\/uploads\\\/2024\\\/06\\\/L1E0800041-3.jpeg\",\"contentUrl\":\"https:\\\/\\\/www.telaslycra.com\\\/US\\\/wp-content\\\/uploads\\\/2024\\\/06\\\/L1E0800041-3.jpeg\",\"width\":2560,\"height\":2560},{\"@type\":\"BreadcrumbList\",\"@id\":\"https:\\\/\\\/www.telaslycra.com\\\/US\\\/shop\\\/abstract-geometric-green-and-blue-print-nylon-lycra-spandex-fabric-4-way-stretch-by-yard-for-swimwear-dancewear-gymwear-sportwear-dress\\\/#breadcrumb\",\"itemListElement\":[{\"@type\":\"ListItem\",\"position\":1,\"name\":\"Portada\",\"item\":\"https:\\\/\\\/www.telaslycra.com\\\/US\\\/\"},{\"@type\":\"ListItem\",\"position\":2,\"name\":\"Shop\",\"item\":\"https:\\\/\\\/www.telaslycra.com\\\/US\\\/shop\\\/\"},{\"@type\":\"ListItem\",\"position\":3,\"name\":\"Abstract Geometric Green and Blue Print Nylon Lycra Spandex Fabric 4 Way Stretch By Yard for swimwear dancewear gymwear sportwear dress (239-7)\"}]},{\"@type\":\"WebSite\",\"@id\":\"https:\\\/\\\/www.telaslycra.com\\\/US\\\/#website\",\"url\":\"https:\\\/\\\/www.telaslycra.com\\\/US\\\/\",\"name\":\"Spandex Fabric\",\"description\":\"Spandex Fabric\",\"potentialAction\":[{\"@type\":\"SearchAction\",\"target\":{\"@type\":\"EntryPoint\",\"urlTemplate\":\"https:\\\/\\\/www.telaslycra.com\\\/US\\\/?s={search_term_string}\"},\"query-input\":{\"@type\":\"PropertyValueSpecification\",\"valueRequired\":true,\"valueName\":\"search_term_string\"}}],\"inLanguage\":\"en\"}]}<\/script>\n<!-- \/ Yoast SEO plugin. -->","yoast_head_json":{"title":"Abstract Geometric Green and Blue Print Nylon Lycra Spandex","description":"Abstract Geometric Green and Blue Print Nylon Lycra Spandex Fabric 4 Way Stretch By Yard for swimwear dancewear gymwear sportwear dress","robots":{"index":"index","follow":"follow","max-snippet":"max-snippet:-1","max-image-preview":"max-image-preview:large","max-video-preview":"max-video-preview:-1"},"canonical":"https:\/\/www.telaslycra.com\/US\/shop\/abstract-geometric-green-and-blue-print-nylon-lycra-spandex-fabric-4-way-stretch-by-yard-for-swimwear-dancewear-gymwear-sportwear-dress\/","og_locale":"en_US","og_type":"article","og_title":"Magenta Tie Dye Print Nylon Spandex Fabric 4 Way Stretch By Yard for swimwear dancewear gymwear sportwear","og_description":"You are viewing Magenta Tie Dye Print Nylon Spandex Fabric 4 Way Stretch By Yard for swimwear dancewear gymwear sportwear. Extremely beautiful print\u00a0 weight 200 to 220 GSM\u00a0 80% Nylon 20% Spandex.","og_url":"https:\/\/www.telaslycra.com\/US\/shop\/abstract-geometric-green-and-blue-print-nylon-lycra-spandex-fabric-4-way-stretch-by-yard-for-swimwear-dancewear-gymwear-sportwear-dress\/","og_site_name":"Spandex Fabric","article_publisher":"https:\/\/www.facebook.com\/Telaslycra\/","article_modified_time":"2026-03-16T13:11:50+00:00","og_image":[{"width":2048,"height":2048,"url":"https:\/\/www.telaslycra.com\/US\/wp-content\/uploads\/2022\/06\/WhatsApp-Image-2022-06-27-at-10.53.29-AM.jpeg","type":"image\/jpeg"}],"twitter_card":"summary_large_image","twitter_misc":{"Est. reading time":"2 minutes"},"schema":{"@context":"https:\/\/schema.org","@graph":[{"@type":"WebPage","@id":"https:\/\/www.telaslycra.com\/US\/shop\/abstract-geometric-green-and-blue-print-nylon-lycra-spandex-fabric-4-way-stretch-by-yard-for-swimwear-dancewear-gymwear-sportwear-dress\/","url":"https:\/\/www.telaslycra.com\/US\/shop\/abstract-geometric-green-and-blue-print-nylon-lycra-spandex-fabric-4-way-stretch-by-yard-for-swimwear-dancewear-gymwear-sportwear-dress\/","name":"Abstract Geometric Green and Blue Print Nylon Lycra Spandex","isPartOf":{"@id":"https:\/\/www.telaslycra.com\/US\/#website"},"primaryImageOfPage":{"@id":"https:\/\/www.telaslycra.com\/US\/shop\/abstract-geometric-green-and-blue-print-nylon-lycra-spandex-fabric-4-way-stretch-by-yard-for-swimwear-dancewear-gymwear-sportwear-dress\/#primaryimage"},"image":{"@id":"https:\/\/www.telaslycra.com\/US\/shop\/abstract-geometric-green-and-blue-print-nylon-lycra-spandex-fabric-4-way-stretch-by-yard-for-swimwear-dancewear-gymwear-sportwear-dress\/#primaryimage"},"thumbnailUrl":"https:\/\/www.telaslycra.com\/US\/wp-content\/uploads\/2024\/06\/L1E0800041-3.jpeg","datePublished":"2024-06-18T14:04:09+00:00","dateModified":"2026-03-16T13:11:50+00:00","description":"Abstract Geometric Green and Blue Print Nylon Lycra Spandex Fabric 4 Way Stretch By Yard for swimwear dancewear gymwear sportwear dress","breadcrumb":{"@id":"https:\/\/www.telaslycra.com\/US\/shop\/abstract-geometric-green-and-blue-print-nylon-lycra-spandex-fabric-4-way-stretch-by-yard-for-swimwear-dancewear-gymwear-sportwear-dress\/#breadcrumb"},"inLanguage":"en","potentialAction":[{"@type":"ReadAction","target":["https:\/\/www.telaslycra.com\/US\/shop\/abstract-geometric-green-and-blue-print-nylon-lycra-spandex-fabric-4-way-stretch-by-yard-for-swimwear-dancewear-gymwear-sportwear-dress\/"]}]},{"@type":"ImageObject","inLanguage":"en","@id":"https:\/\/www.telaslycra.com\/US\/shop\/abstract-geometric-green-and-blue-print-nylon-lycra-spandex-fabric-4-way-stretch-by-yard-for-swimwear-dancewear-gymwear-sportwear-dress\/#primaryimage","url":"https:\/\/www.telaslycra.com\/US\/wp-content\/uploads\/2024\/06\/L1E0800041-3.jpeg","contentUrl":"https:\/\/www.telaslycra.com\/US\/wp-content\/uploads\/2024\/06\/L1E0800041-3.jpeg","width":2560,"height":2560},{"@type":"BreadcrumbList","@id":"https:\/\/www.telaslycra.com\/US\/shop\/abstract-geometric-green-and-blue-print-nylon-lycra-spandex-fabric-4-way-stretch-by-yard-for-swimwear-dancewear-gymwear-sportwear-dress\/#breadcrumb","itemListElement":[{"@type":"ListItem","position":1,"name":"Portada","item":"https:\/\/www.telaslycra.com\/US\/"},{"@type":"ListItem","position":2,"name":"Shop","item":"https:\/\/www.telaslycra.com\/US\/shop\/"},{"@type":"ListItem","position":3,"name":"Abstract Geometric Green and Blue Print Nylon Lycra Spandex Fabric 4 Way Stretch By Yard for swimwear dancewear gymwear sportwear dress (239-7)"}]},{"@type":"WebSite","@id":"https:\/\/www.telaslycra.com\/US\/#website","url":"https:\/\/www.telaslycra.com\/US\/","name":"Spandex Fabric","description":"Spandex Fabric","potentialAction":[{"@type":"SearchAction","target":{"@type":"EntryPoint","urlTemplate":"https:\/\/www.telaslycra.com\/US\/?s={search_term_string}"},"query-input":{"@type":"PropertyValueSpecification","valueRequired":true,"valueName":"search_term_string"}}],"inLanguage":"en"}]}},"jetpack_publicize_connections":[],"jetpack_sharing_enabled":true,"_links":{"self":[{"href":"https:\/\/www.telaslycra.com\/US\/wp-json\/wp\/v2\/product\/43738","targetHints":{"allow":["GET"]}}],"collection":[{"href":"https:\/\/www.telaslycra.com\/US\/wp-json\/wp\/v2\/product"}],"about":[{"href":"https:\/\/www.telaslycra.com\/US\/wp-json\/wp\/v2\/types\/product"}],"replies":[{"embeddable":true,"href":"https:\/\/www.telaslycra.com\/US\/wp-json\/wp\/v2\/comments?post=43738"}],"wp:featuredmedia":[{"embeddable":true,"href":"https:\/\/www.telaslycra.com\/US\/wp-json\/wp\/v2\/media\/43726"}],"wp:attachment":[{"href":"https:\/\/www.telaslycra.com\/US\/wp-json\/wp\/v2\/media?parent=43738"}],"wp:term":[{"taxonomy":"product_brand","embeddable":true,"href":"https:\/\/www.telaslycra.com\/US\/wp-json\/wp\/v2\/product_brand?post=43738"},{"taxonomy":"product_cat","embeddable":true,"href":"https:\/\/www.telaslycra.com\/US\/wp-json\/wp\/v2\/product_cat?post=43738"},{"taxonomy":"product_tag","embeddable":true,"href":"https:\/\/www.telaslycra.com\/US\/wp-json\/wp\/v2\/product_tag?post=43738"}],"curies":[{"name":"wp","href":"https:\/\/api.w.org\/{rel}","templated":true}]}}