{"id":45910,"date":"2024-07-26T15:45:52","date_gmt":"2024-07-26T19:45:52","guid":{"rendered":"https:\/\/www.telaslycra.com\/US\/?post_type=product&#038;p=45910"},"modified":"2025-04-18T10:26:54","modified_gmt":"2025-04-18T14:26:54","slug":"mermaids-print-nylon-spandex-lycra-fabric-4-way-stretch-by-yard-for-swimwear-dancewear-gymwear-sportwear-dress-skirt-203-1","status":"publish","type":"product","link":"https:\/\/www.telaslycra.com\/US\/shop\/mermaids-print-nylon-spandex-lycra-fabric-4-way-stretch-by-yard-for-swimwear-dancewear-gymwear-sportwear-dress-skirt-203-1\/","title":{"rendered":"Mermaids Print Nylon Spandex lycra Fabric 4 Way Stretch By Yard for swimwear dancewear gymwear sportwear dress skirt (203-1)"},"content":{"rendered":"<button class=\"simplefavorite-button has-count\" data-postid=\"45910\" data-siteid=\"1\" data-groupid=\"1\" data-favoritecount=\"0\" style=\"\">Favorite <i class=\"sf-icon-star-empty\"><\/i><span class=\"simplefavorite-button-count\" style=\"\">0<\/span><\/button><p><span style=\"vertical-align: inherit;\"><span style=\"vertical-align: inherit;\">Bienvenido a TelasLycra.Com<\/span><\/span><\/p>\n<p><span style=\"vertical-align: inherit;\"><span style=\"vertical-align: inherit;\">Est\u00e1s viendo Tela de nailon spandex y licra con estampado de sirenas, el\u00e1stica en 4 direcciones por yarda, para trajes de ba\u00f1o, ropa de baile, ropa de gimnasia, ropa deportiva, vestidos y faldas<\/span><\/span><\/p>\n<p><span style=\"vertical-align: inherit;\"><span style=\"vertical-align: inherit;\">Somos una empresa textil con m\u00e1s de 20 a\u00f1os de experiencia en la industria textil. Ofrecemos telas spandex de la mejor calidad y contamos con m\u00e1s de 3000 estampados, colores s\u00f3lidos el\u00e1sticos para coser y otros accesorios para confeccionar trajes de ba\u00f1o.<\/span><\/span><\/p>\n<p><span style=\"vertical-align: inherit;\"><span style=\"vertical-align: inherit;\">Trabajamos con un tipo de tejido especial y \u00fanico, con una composici\u00f3n de 80% Nylon 20% Spandex. Con 4-Way Stretch, nuestros tejidos tienen la mejor calidad, suavidad, ligereza, resistencia y elasticidad y sin transparencias.<\/span><\/span><\/p>\n<p><span style=\"vertical-align: inherit;\"><span style=\"vertical-align: inherit;\">Entregamos r\u00e1pidamente la cantidad que compre SIN CORTES. Obtiene la cantidad continua de tela spandex que decida comprar de 60&#8243; de ancho y tantas yardas de material como necesite.<\/span><\/span><\/p>\n<p><span style=\"vertical-align: inherit;\"><span style=\"vertical-align: inherit;\">Las cualidades especiales de nuestro tejido Spandex 4-Way: nuestro material suave, ligero y resistente no se transparenta cuando se estira, lo que lo hace perfecto para ropa deportiva, como ropa de gimnasia, ropa de baile y trajes de ba\u00f1o. Obtendr\u00e1 resultados duraderos para cualquier proyecto o pieza que realice<\/span><\/span><\/p>\n<p><span style=\"vertical-align: inherit;\"><span style=\"vertical-align: inherit;\">El m\u00e9todo de lavado recomendado para nuestra tela es lavar a mano con agua fr\u00eda, no usar blanqueador, no escurrir, planchar con agua fr\u00eda y secar a la sombra o al aire libre. Evitar el uso de calor y pegamento.<\/span><\/span><\/p>\n<p><span style=\"vertical-align: inherit;\"><span style=\"vertical-align: inherit;\">VENDIDO POR PATIO CONTINUO.<\/span><\/span><\/p>\n<button class=\"simplefavorite-button has-count\" data-postid=\"45910\" data-siteid=\"1\" data-groupid=\"1\" data-favoritecount=\"0\" style=\"\">Favorite <i class=\"sf-icon-star-empty\"><\/i><span class=\"simplefavorite-button-count\" style=\"\">0<\/span><\/button>","protected":false},"excerpt":{"rendered":"<ul>\n<li><span style=\"vertical-align: inherit;\"><span style=\"vertical-align: inherit;\">80 % nailon, 20 % elastano<\/span><\/span><\/li>\n<li><span style=\"vertical-align: inherit;\"><span style=\"vertical-align: inherit;\">Ancho 60 pulgadas<\/span><\/span><\/li>\n<li><span style=\"vertical-align: inherit;\"><span style=\"vertical-align: inherit;\">200 220 GSM<\/span><\/span><\/li>\n<li><span style=\"vertical-align: inherit;\"><span style=\"vertical-align: inherit;\">Estiramiento en 4 direcciones<\/span><\/span><\/li>\n<li><span style=\"vertical-align: inherit;\"><span style=\"vertical-align: inherit;\">Fabricado en Francia<\/span><\/span><\/li>\n<li><span style=\"vertical-align: inherit;\"><span style=\"vertical-align: inherit;\">Realizamos env\u00edos desde Nueva York a trav\u00e9s de USPS Priority Mail.<\/span><\/span><\/li>\n<\/ul>\n<p>&nbsp;<\/p>\n","protected":false},"featured_media":45703,"comment_status":"closed","ping_status":"closed","template":"","meta":{"jetpack_publicize_message":"","jetpack_publicize_feature_enabled":true,"jetpack_social_post_already_shared":true,"jetpack_social_options":{"image_generator_settings":{"template":"highway","default_image_id":0,"font":"","enabled":false},"version":2}},"product_brand":[],"product_cat":[352,170],"product_tag":[1044,830,508,890,833,470,905,472],"class_list":{"0":"post-45910","1":"product","2":"type-product","3":"status-publish","4":"has-post-thumbnail","6":"product_cat-character-prints","7":"product_cat-print-spandex-fabrics","8":"product_tag-by-yard","9":"product_tag-dancewear","10":"product_tag-nylon","11":"product_tag-print","12":"product_tag-printed-spandex","13":"product_tag-spandex","14":"product_tag-sportwear","15":"product_tag-swimwear","16":"product_shipping_class-telas","18":"first","19":"instock","20":"taxable","21":"shipping-taxable","22":"purchasable","23":"product-type-simple"},"yoast_head":"<!-- This site is optimized with the Yoast SEO plugin v27.3 - https:\/\/yoast.com\/product\/yoast-seo-wordpress\/ -->\n<title>Mermaids Print Nylon Spandex lycra Fabric<\/title>\n<meta name=\"description\" content=\"Mermaid Print Nylon Lycra Spandex Fabric 4 Way Stretch By Yard for swimwear dancewear gymwear sportwear dress\" \/>\n<meta name=\"robots\" content=\"index, follow, max-snippet:-1, max-image-preview:large, max-video-preview:-1\" \/>\n<link rel=\"canonical\" href=\"https:\/\/www.telaslycra.com\/US\/shop\/mermaids-print-nylon-spandex-lycra-fabric-4-way-stretch-by-yard-for-swimwear-dancewear-gymwear-sportwear-dress-skirt-203-1\/\" \/>\n<meta property=\"og:locale\" content=\"en_US\" \/>\n<meta property=\"og:type\" content=\"article\" \/>\n<meta property=\"og:title\" content=\"Magenta Tie Dye Print Nylon Spandex Fabric 4 Way Stretch By Yard for swimwear dancewear gymwear sportwear\" \/>\n<meta property=\"og:description\" content=\"You are viewing Magenta Tie Dye Print Nylon Spandex Fabric 4 Way Stretch By Yard for swimwear dancewear gymwear sportwear. Extremely beautiful print\u00a0 weight 200 to 220 GSM\u00a0 80% Nylon 20% Spandex.\" \/>\n<meta property=\"og:url\" content=\"https:\/\/www.telaslycra.com\/US\/shop\/mermaids-print-nylon-spandex-lycra-fabric-4-way-stretch-by-yard-for-swimwear-dancewear-gymwear-sportwear-dress-skirt-203-1\/\" \/>\n<meta property=\"og:site_name\" content=\"Spandex Fabric\" \/>\n<meta property=\"article:publisher\" content=\"https:\/\/www.facebook.com\/Telaslycra\/\" \/>\n<meta property=\"article:modified_time\" content=\"2025-04-18T14:26:54+00:00\" \/>\n<meta property=\"og:image\" content=\"https:\/\/www.telaslycra.com\/US\/wp-content\/uploads\/2022\/06\/WhatsApp-Image-2022-06-27-at-10.53.29-AM.jpeg\" \/>\n\t<meta property=\"og:image:width\" content=\"2048\" \/>\n\t<meta property=\"og:image:height\" content=\"2048\" \/>\n\t<meta property=\"og:image:type\" content=\"image\/jpeg\" \/>\n<meta name=\"twitter:card\" content=\"summary_large_image\" \/>\n<meta name=\"twitter:label1\" content=\"Est. reading time\" \/>\n\t<meta name=\"twitter:data1\" content=\"2 minutes\" \/>\n<script type=\"application\/ld+json\" class=\"yoast-schema-graph\">{\"@context\":\"https:\\\/\\\/schema.org\",\"@graph\":[{\"@type\":\"WebPage\",\"@id\":\"https:\\\/\\\/www.telaslycra.com\\\/US\\\/shop\\\/mermaids-print-nylon-spandex-lycra-fabric-4-way-stretch-by-yard-for-swimwear-dancewear-gymwear-sportwear-dress-skirt-203-1\\\/\",\"url\":\"https:\\\/\\\/www.telaslycra.com\\\/US\\\/shop\\\/mermaids-print-nylon-spandex-lycra-fabric-4-way-stretch-by-yard-for-swimwear-dancewear-gymwear-sportwear-dress-skirt-203-1\\\/\",\"name\":\"Mermaids Print Nylon Spandex lycra Fabric\",\"isPartOf\":{\"@id\":\"https:\\\/\\\/www.telaslycra.com\\\/US\\\/#website\"},\"primaryImageOfPage\":{\"@id\":\"https:\\\/\\\/www.telaslycra.com\\\/US\\\/shop\\\/mermaids-print-nylon-spandex-lycra-fabric-4-way-stretch-by-yard-for-swimwear-dancewear-gymwear-sportwear-dress-skirt-203-1\\\/#primaryimage\"},\"image\":{\"@id\":\"https:\\\/\\\/www.telaslycra.com\\\/US\\\/shop\\\/mermaids-print-nylon-spandex-lycra-fabric-4-way-stretch-by-yard-for-swimwear-dancewear-gymwear-sportwear-dress-skirt-203-1\\\/#primaryimage\"},\"thumbnailUrl\":\"https:\\\/\\\/www.telaslycra.com\\\/US\\\/wp-content\\\/uploads\\\/2024\\\/07\\\/L1E1100147-3.jpeg\",\"datePublished\":\"2024-07-26T19:45:52+00:00\",\"dateModified\":\"2025-04-18T14:26:54+00:00\",\"description\":\"Mermaid Print Nylon Lycra Spandex Fabric 4 Way Stretch By Yard for swimwear dancewear gymwear sportwear dress\",\"breadcrumb\":{\"@id\":\"https:\\\/\\\/www.telaslycra.com\\\/US\\\/shop\\\/mermaids-print-nylon-spandex-lycra-fabric-4-way-stretch-by-yard-for-swimwear-dancewear-gymwear-sportwear-dress-skirt-203-1\\\/#breadcrumb\"},\"inLanguage\":\"en\",\"potentialAction\":[{\"@type\":\"ReadAction\",\"target\":[\"https:\\\/\\\/www.telaslycra.com\\\/US\\\/shop\\\/mermaids-print-nylon-spandex-lycra-fabric-4-way-stretch-by-yard-for-swimwear-dancewear-gymwear-sportwear-dress-skirt-203-1\\\/\"]}]},{\"@type\":\"ImageObject\",\"inLanguage\":\"en\",\"@id\":\"https:\\\/\\\/www.telaslycra.com\\\/US\\\/shop\\\/mermaids-print-nylon-spandex-lycra-fabric-4-way-stretch-by-yard-for-swimwear-dancewear-gymwear-sportwear-dress-skirt-203-1\\\/#primaryimage\",\"url\":\"https:\\\/\\\/www.telaslycra.com\\\/US\\\/wp-content\\\/uploads\\\/2024\\\/07\\\/L1E1100147-3.jpeg\",\"contentUrl\":\"https:\\\/\\\/www.telaslycra.com\\\/US\\\/wp-content\\\/uploads\\\/2024\\\/07\\\/L1E1100147-3.jpeg\",\"width\":2560,\"height\":2560},{\"@type\":\"BreadcrumbList\",\"@id\":\"https:\\\/\\\/www.telaslycra.com\\\/US\\\/shop\\\/mermaids-print-nylon-spandex-lycra-fabric-4-way-stretch-by-yard-for-swimwear-dancewear-gymwear-sportwear-dress-skirt-203-1\\\/#breadcrumb\",\"itemListElement\":[{\"@type\":\"ListItem\",\"position\":1,\"name\":\"Portada\",\"item\":\"https:\\\/\\\/www.telaslycra.com\\\/US\\\/\"},{\"@type\":\"ListItem\",\"position\":2,\"name\":\"Shop\",\"item\":\"https:\\\/\\\/www.telaslycra.com\\\/US\\\/shop\\\/\"},{\"@type\":\"ListItem\",\"position\":3,\"name\":\"Mermaids Print Nylon Spandex lycra Fabric 4 Way Stretch By Yard for swimwear dancewear gymwear sportwear dress skirt (203-1)\"}]},{\"@type\":\"WebSite\",\"@id\":\"https:\\\/\\\/www.telaslycra.com\\\/US\\\/#website\",\"url\":\"https:\\\/\\\/www.telaslycra.com\\\/US\\\/\",\"name\":\"Spandex Fabric\",\"description\":\"Spandex Fabric\",\"potentialAction\":[{\"@type\":\"SearchAction\",\"target\":{\"@type\":\"EntryPoint\",\"urlTemplate\":\"https:\\\/\\\/www.telaslycra.com\\\/US\\\/?s={search_term_string}\"},\"query-input\":{\"@type\":\"PropertyValueSpecification\",\"valueRequired\":true,\"valueName\":\"search_term_string\"}}],\"inLanguage\":\"en\"}]}<\/script>\n<!-- \/ Yoast SEO plugin. -->","yoast_head_json":{"title":"Mermaids Print Nylon Spandex lycra Fabric","description":"Mermaid Print Nylon Lycra Spandex Fabric 4 Way Stretch By Yard for swimwear dancewear gymwear sportwear dress","robots":{"index":"index","follow":"follow","max-snippet":"max-snippet:-1","max-image-preview":"max-image-preview:large","max-video-preview":"max-video-preview:-1"},"canonical":"https:\/\/www.telaslycra.com\/US\/shop\/mermaids-print-nylon-spandex-lycra-fabric-4-way-stretch-by-yard-for-swimwear-dancewear-gymwear-sportwear-dress-skirt-203-1\/","og_locale":"en_US","og_type":"article","og_title":"Magenta Tie Dye Print Nylon Spandex Fabric 4 Way Stretch By Yard for swimwear dancewear gymwear sportwear","og_description":"You are viewing Magenta Tie Dye Print Nylon Spandex Fabric 4 Way Stretch By Yard for swimwear dancewear gymwear sportwear. Extremely beautiful print\u00a0 weight 200 to 220 GSM\u00a0 80% Nylon 20% Spandex.","og_url":"https:\/\/www.telaslycra.com\/US\/shop\/mermaids-print-nylon-spandex-lycra-fabric-4-way-stretch-by-yard-for-swimwear-dancewear-gymwear-sportwear-dress-skirt-203-1\/","og_site_name":"Spandex Fabric","article_publisher":"https:\/\/www.facebook.com\/Telaslycra\/","article_modified_time":"2025-04-18T14:26:54+00:00","og_image":[{"width":2048,"height":2048,"url":"https:\/\/www.telaslycra.com\/US\/wp-content\/uploads\/2022\/06\/WhatsApp-Image-2022-06-27-at-10.53.29-AM.jpeg","type":"image\/jpeg"}],"twitter_card":"summary_large_image","twitter_misc":{"Est. reading time":"2 minutes"},"schema":{"@context":"https:\/\/schema.org","@graph":[{"@type":"WebPage","@id":"https:\/\/www.telaslycra.com\/US\/shop\/mermaids-print-nylon-spandex-lycra-fabric-4-way-stretch-by-yard-for-swimwear-dancewear-gymwear-sportwear-dress-skirt-203-1\/","url":"https:\/\/www.telaslycra.com\/US\/shop\/mermaids-print-nylon-spandex-lycra-fabric-4-way-stretch-by-yard-for-swimwear-dancewear-gymwear-sportwear-dress-skirt-203-1\/","name":"Mermaids Print Nylon Spandex lycra Fabric","isPartOf":{"@id":"https:\/\/www.telaslycra.com\/US\/#website"},"primaryImageOfPage":{"@id":"https:\/\/www.telaslycra.com\/US\/shop\/mermaids-print-nylon-spandex-lycra-fabric-4-way-stretch-by-yard-for-swimwear-dancewear-gymwear-sportwear-dress-skirt-203-1\/#primaryimage"},"image":{"@id":"https:\/\/www.telaslycra.com\/US\/shop\/mermaids-print-nylon-spandex-lycra-fabric-4-way-stretch-by-yard-for-swimwear-dancewear-gymwear-sportwear-dress-skirt-203-1\/#primaryimage"},"thumbnailUrl":"https:\/\/www.telaslycra.com\/US\/wp-content\/uploads\/2024\/07\/L1E1100147-3.jpeg","datePublished":"2024-07-26T19:45:52+00:00","dateModified":"2025-04-18T14:26:54+00:00","description":"Mermaid Print Nylon Lycra Spandex Fabric 4 Way Stretch By Yard for swimwear dancewear gymwear sportwear dress","breadcrumb":{"@id":"https:\/\/www.telaslycra.com\/US\/shop\/mermaids-print-nylon-spandex-lycra-fabric-4-way-stretch-by-yard-for-swimwear-dancewear-gymwear-sportwear-dress-skirt-203-1\/#breadcrumb"},"inLanguage":"en","potentialAction":[{"@type":"ReadAction","target":["https:\/\/www.telaslycra.com\/US\/shop\/mermaids-print-nylon-spandex-lycra-fabric-4-way-stretch-by-yard-for-swimwear-dancewear-gymwear-sportwear-dress-skirt-203-1\/"]}]},{"@type":"ImageObject","inLanguage":"en","@id":"https:\/\/www.telaslycra.com\/US\/shop\/mermaids-print-nylon-spandex-lycra-fabric-4-way-stretch-by-yard-for-swimwear-dancewear-gymwear-sportwear-dress-skirt-203-1\/#primaryimage","url":"https:\/\/www.telaslycra.com\/US\/wp-content\/uploads\/2024\/07\/L1E1100147-3.jpeg","contentUrl":"https:\/\/www.telaslycra.com\/US\/wp-content\/uploads\/2024\/07\/L1E1100147-3.jpeg","width":2560,"height":2560},{"@type":"BreadcrumbList","@id":"https:\/\/www.telaslycra.com\/US\/shop\/mermaids-print-nylon-spandex-lycra-fabric-4-way-stretch-by-yard-for-swimwear-dancewear-gymwear-sportwear-dress-skirt-203-1\/#breadcrumb","itemListElement":[{"@type":"ListItem","position":1,"name":"Portada","item":"https:\/\/www.telaslycra.com\/US\/"},{"@type":"ListItem","position":2,"name":"Shop","item":"https:\/\/www.telaslycra.com\/US\/shop\/"},{"@type":"ListItem","position":3,"name":"Mermaids Print Nylon Spandex lycra Fabric 4 Way Stretch By Yard for swimwear dancewear gymwear sportwear dress skirt (203-1)"}]},{"@type":"WebSite","@id":"https:\/\/www.telaslycra.com\/US\/#website","url":"https:\/\/www.telaslycra.com\/US\/","name":"Spandex Fabric","description":"Spandex Fabric","potentialAction":[{"@type":"SearchAction","target":{"@type":"EntryPoint","urlTemplate":"https:\/\/www.telaslycra.com\/US\/?s={search_term_string}"},"query-input":{"@type":"PropertyValueSpecification","valueRequired":true,"valueName":"search_term_string"}}],"inLanguage":"en"}]}},"jetpack_publicize_connections":[],"jetpack_sharing_enabled":true,"_links":{"self":[{"href":"https:\/\/www.telaslycra.com\/US\/wp-json\/wp\/v2\/product\/45910","targetHints":{"allow":["GET"]}}],"collection":[{"href":"https:\/\/www.telaslycra.com\/US\/wp-json\/wp\/v2\/product"}],"about":[{"href":"https:\/\/www.telaslycra.com\/US\/wp-json\/wp\/v2\/types\/product"}],"replies":[{"embeddable":true,"href":"https:\/\/www.telaslycra.com\/US\/wp-json\/wp\/v2\/comments?post=45910"}],"wp:featuredmedia":[{"embeddable":true,"href":"https:\/\/www.telaslycra.com\/US\/wp-json\/wp\/v2\/media\/45703"}],"wp:attachment":[{"href":"https:\/\/www.telaslycra.com\/US\/wp-json\/wp\/v2\/media?parent=45910"}],"wp:term":[{"taxonomy":"product_brand","embeddable":true,"href":"https:\/\/www.telaslycra.com\/US\/wp-json\/wp\/v2\/product_brand?post=45910"},{"taxonomy":"product_cat","embeddable":true,"href":"https:\/\/www.telaslycra.com\/US\/wp-json\/wp\/v2\/product_cat?post=45910"},{"taxonomy":"product_tag","embeddable":true,"href":"https:\/\/www.telaslycra.com\/US\/wp-json\/wp\/v2\/product_tag?post=45910"}],"curies":[{"name":"wp","href":"https:\/\/api.w.org\/{rel}","templated":true}]}}